{"id":58581,"date":"2025-06-28T07:54:07","date_gmt":"2025-06-28T07:54:07","guid":{"rendered":"https:\/\/fxtrendo.com\/?page_id=58581"},"modified":"2026-04-13T09:29:45","modified_gmt":"2026-04-13T09:29:45","slug":"news-room","status":"publish","type":"page","link":"https:\/\/fxtrendo.com\/es\/news-room\/","title":{"rendered":"Noticias de Trading"},"content":{"rendered":"\t\t<div data-elementor-type=\"wp-page\" data-elementor-id=\"58581\" class=\"elementor elementor-58581 elementor-9594\" data-elementor-post-type=\"page\">\n\t\t\t\t<div class=\"elementor-element elementor-element-1face34 e-flex e-con-boxed e-con e-parent\" data-id=\"1face34\" data-element_type=\"container\" data-e-type=\"container\">\n\t\t\t\t\t<div class=\"e-con-inner\">\n\t\t\t\t\t<\/div>\n\t\t\t\t<\/div>\n\t\t<div class=\"elementor-element elementor-element-ae1e3d3 e-flex e-con-boxed e-con e-parent\" data-id=\"ae1e3d3\" data-element_type=\"container\" data-e-type=\"container\" data-settings=\"{&quot;background_background&quot;:&quot;classic&quot;}\">\n\t\t\t\t\t<div class=\"e-con-inner\">\n\t\t<div class=\"elementor-element elementor-element-f99c370 e-con-full e-flex e-con e-child\" data-id=\"f99c370\" data-element_type=\"container\" data-e-type=\"container\">\n\t\t\t\t<div class=\"elementor-element elementor-element-98db735 elementor-widget__width-initial elementor-widget elementor-widget-heading\" data-id=\"98db735\" data-element_type=\"widget\" data-e-type=\"widget\" data-widget_type=\"heading.default\">\n\t\t\t\t\t<h1 class=\"elementor-heading-title elementor-size-default\">Sala de prensa de Trendo<\/h1>\t\t\t\t<\/div>\n\t\t\t\t<div class=\"elementor-element elementor-element-59da787 elementor-absolute elementor-widget elementor-widget-image\" data-id=\"59da787\" data-element_type=\"widget\" data-e-type=\"widget\" data-settings=\"{&quot;_position&quot;:&quot;absolute&quot;}\" data-widget_type=\"image.default\">\n\t\t\t\t\t\t\t\t\t\t\t\t\t\t\t<img fetchpriority=\"high\" decoding=\"async\" width=\"1360\" height=\"980\" src=\"https:\/\/fxtrendo.com\/wp-content\/uploads\/2025\/05\/Ellipse-27-4.svg\" class=\"attachment-full size-full wp-image-58570\" alt=\"\" \/>\t\t\t\t\t\t\t\t\t\t\t\t\t\t\t<\/div>\n\t\t\t\t<div class=\"elementor-element elementor-element-6cb8db9 elementor-widget__width-inherit elementor-widget elementor-widget-text-editor\" data-id=\"6cb8db9\" data-element_type=\"widget\" data-e-type=\"widget\" data-widget_type=\"text-editor.default\">\n\t\t\t\t\t\t\t\t\t<p>Sigue aqu\u00ed los \u00faltimos anuncios, comunicados oficiales y cobertura medi\u00e1tica de Trendo. En esta p\u00e1gina, todo \u2014desde comunicados de prensa hasta estad\u00edsticas de crecimiento y alianzas estrat\u00e9gicas\u2014 se actualiza y est\u00e1 disponible en un solo lugar.<\/p>\t\t\t\t\t\t\t\t<\/div>\n\t\t\t\t<div class=\"elementor-element elementor-element-31076fc elementor-widget__width-initial elementor-widget-mobile__width-inherit elementor-widget elementor-widget-shortcode\" data-id=\"31076fc\" data-element_type=\"widget\" data-e-type=\"widget\" data-widget_type=\"shortcode.default\">\n\t\t\t\t\t\t\t<div class=\"elementor-shortcode\">    <form id=\"fxForm_1\" class=\"custom-email-form\">\n        <input\n            type=\"email\"\n            id=\"fxEmail_1\"\n            name=\"email\"\n            placeholder=\"Email address\"\n            required\n        >\n        <button\n            type=\"button\"\n            onclick=\"redirectToSignUp('fxForm_1','fxEmail_1','fxLoader_1')\"\n        >\n            Sign up            <img decoding=\"async\" src=\"https:\/\/fxtrendo.com\/wp-content\/uploads\/2025\/04\/Arrow-right-2.svg\" alt=\"\">\n        <\/button>\n        <div id=\"fxLoader_1\" class=\"email-loader\" style=\"display: none;\"><\/div>\n    <\/form>\n\n    <script>\n    function redirectToSignUp(formId, inputId, loaderId) {\n        const form   = document.getElementById(formId);\n        const input  = document.getElementById(inputId);\n        const loader = document.getElementById(loaderId);\n\n        if (!form.reportValidity()) return;\n\n        loader.style.display = 'block';\n\n        const userEmail = input.value;\n        sessionStorage.setItem('temp_login_email', userEmail);\n        window.location.href = 'https:\/\/fxtrendo.com\/platforms\/web\/';\n    }\n    <\/script>\n    <\/div>\n\t\t\t\t\t\t<\/div>\n\t\t\t\t<\/div>\n\t\t\t\t\t<\/div>\n\t\t\t\t<\/div>\n\t\t<div class=\"elementor-element elementor-element-10645ef e-flex e-con-boxed e-con e-parent\" data-id=\"10645ef\" data-element_type=\"container\" data-e-type=\"container\">\n\t\t\t\t\t<div class=\"e-con-inner\">\n\t\t\t\t<div class=\"elementor-element elementor-element-6b2871c elementor-widget-divider--view-line_text elementor-widget-divider--element-align-left elementor-widget elementor-widget-divider\" data-id=\"6b2871c\" data-element_type=\"widget\" data-e-type=\"widget\" data-widget_type=\"divider.default\">\n\t\t\t\t\t\t\t<div class=\"elementor-divider\">\n\t\t\t<span class=\"elementor-divider-separator\">\n\t\t\t\t\t\t\t<h2 class=\"elementor-divider__text elementor-divider__element\">\n\t\t\t\tAnuncios oficiales de Trendo\t\t\t\t<\/h2>\n\t\t\t\t\t\t<\/span>\n\t\t<\/div>\n\t\t\t\t\t\t<\/div>\n\t\t\t\t\t<\/div>\n\t\t\t\t<\/div>\n\t\t<div class=\"elementor-element elementor-element-d5f30b3 e-flex e-con-boxed e-con e-parent\" data-id=\"d5f30b3\" data-element_type=\"container\" data-e-type=\"container\">\n\t\t\t\t\t<div class=\"e-con-inner\">\n\t\t<div class=\"elementor-element elementor-element-2f1cca0 e-con-full e-flex e-con e-child\" data-id=\"2f1cca0\" data-element_type=\"container\" data-e-type=\"container\" data-settings=\"{&quot;background_background&quot;:&quot;classic&quot;}\">\n\t\t\t\t<div class=\"elementor-element elementor-element-48a59f5 elementor-widget elementor-widget-heading\" data-id=\"48a59f5\" data-element_type=\"widget\" data-e-type=\"widget\" data-widget_type=\"heading.default\">\n\t\t\t\t\t<span class=\"elementor-heading-title elementor-size-default\">Ganador de la mayor innovaci\u00f3n en plataformas de trading en Forex Expo Dub\u00e1i 2024<\/span>\t\t\t\t<\/div>\n\t\t\t\t<div class=\"elementor-element elementor-element-b30622a elementor-align-left elementor-widget elementor-widget-button\" data-id=\"b30622a\" data-element_type=\"widget\" data-e-type=\"widget\" data-widget_type=\"button.default\">\n\t\t\t\t\t\t\t\t\t\t<a class=\"elementor-button elementor-button-link elementor-size-sm\" href=\"https:\/\/fxtrendo.com\/trendo-innovation-award-2024\/\">\n\t\t\t\t\t\t<span class=\"elementor-button-content-wrapper\">\n\t\t\t\t\t\t<span class=\"elementor-button-icon\">\n\t\t\t\t<svg aria-hidden=\"true\" class=\"e-font-icon-svg e-fas-angle-right\" viewBox=\"0 0 256 512\" xmlns=\"http:\/\/www.w3.org\/2000\/svg\"><path d=\"M224.3 273l-136 136c-9.4 9.4-24.6 9.4-33.9 0l-22.6-22.6c-9.4-9.4-9.4-24.6 0-33.9l96.4-96.4-96.4-96.4c-9.4-9.4-9.4-24.6 0-33.9L54.3 103c9.4-9.4 24.6-9.4 33.9 0l136 136c9.5 9.4 9.5 24.6.1 34z\"><\/path><\/svg>\t\t\t<\/span>\n\t\t\t\t\t\t\t\t\t<span class=\"elementor-button-text\">Ver m\u00e1s<\/span>\n\t\t\t\t\t<\/span>\n\t\t\t\t\t<\/a>\n\t\t\t\t\t\t\t\t<\/div>\n\t\t\t\t<\/div>\n\t\t<div class=\"elementor-element elementor-element-f7fbe61 e-con-full e-flex e-con e-child\" data-id=\"f7fbe61\" data-element_type=\"container\" data-e-type=\"container\">\n\t\t\t\t<div class=\"elementor-element elementor-element-027af55 elementor-align-left elementor-widget elementor-widget-button\" data-id=\"027af55\" data-element_type=\"widget\" data-e-type=\"widget\" data-widget_type=\"button.default\">\n\t\t\t\t\t\t\t\t\t\t<a class=\"elementor-button elementor-button-link elementor-size-sm\" href=\"\/category\/announcements\/\">\n\t\t\t\t\t\t<span class=\"elementor-button-content-wrapper\">\n\t\t\t\t\t\t<span class=\"elementor-button-icon\">\n\t\t\t\t<svg aria-hidden=\"true\" class=\"e-font-icon-svg e-fas-angle-right\" viewBox=\"0 0 256 512\" xmlns=\"http:\/\/www.w3.org\/2000\/svg\"><path d=\"M224.3 273l-136 136c-9.4 9.4-24.6 9.4-33.9 0l-22.6-22.6c-9.4-9.4-9.4-24.6 0-33.9l96.4-96.4-96.4-96.4c-9.4-9.4-9.4-24.6 0-33.9L54.3 103c9.4-9.4 24.6-9.4 33.9 0l136 136c9.5 9.4 9.5 24.6.1 34z\"><\/path><\/svg>\t\t\t<\/span>\n\t\t\t\t\t\t\t\t\t<span class=\"elementor-button-text\">M\u00e1s anuncios<\/span>\n\t\t\t\t\t<\/span>\n\t\t\t\t\t<\/a>\n\t\t\t\t\t\t\t\t<\/div>\n\t\t\t\t<\/div>\n\t\t\t\t\t<\/div>\n\t\t\t\t<\/div>\n\t\t<div class=\"elementor-element elementor-element-b25ee09 e-con-full e-flex e-con e-parent\" data-id=\"b25ee09\" data-element_type=\"container\" data-e-type=\"container\">\n\t\t\t\t<div class=\"elementor-element elementor-element-ee0437f elementor-absolute elementor-widget elementor-widget-image\" data-id=\"ee0437f\" data-element_type=\"widget\" data-e-type=\"widget\" data-settings=\"{&quot;_position&quot;:&quot;absolute&quot;}\" data-widget_type=\"image.default\">\n\t\t\t\t\t\t\t\t\t\t\t\t\t\t\t<img decoding=\"async\" width=\"660\" height=\"1146\" src=\"https:\/\/fxtrendo.com\/wp-content\/uploads\/2025\/07\/Ellipse-30-2.png\" class=\"attachment-full size-full wp-image-58574\" alt=\"\" srcset=\"https:\/\/fxtrendo.com\/wp-content\/uploads\/2025\/07\/Ellipse-30-2.png 660w, https:\/\/fxtrendo.com\/wp-content\/uploads\/2025\/07\/Ellipse-30-2-173x300.png 173w, https:\/\/fxtrendo.com\/wp-content\/uploads\/2025\/07\/Ellipse-30-2-590x1024.png 590w\" sizes=\"(max-width: 660px) 100vw, 660px\" \/>\t\t\t\t\t\t\t\t\t\t\t\t\t\t\t<\/div>\n\t\t\t\t<div class=\"elementor-element elementor-element-63b3c95 elementor-absolute elementor-widget elementor-widget-image\" data-id=\"63b3c95\" data-element_type=\"widget\" data-e-type=\"widget\" data-settings=\"{&quot;_position&quot;:&quot;absolute&quot;}\" data-widget_type=\"image.default\">\n\t\t\t\t\t\t\t\t\t\t\t\t\t\t\t<img decoding=\"async\" width=\"740\" height=\"982\" src=\"https:\/\/fxtrendo.com\/wp-content\/uploads\/2025\/07\/Ellipse-29-2.png\" class=\"attachment-full size-full wp-image-58575\" alt=\"\" srcset=\"https:\/\/fxtrendo.com\/wp-content\/uploads\/2025\/07\/Ellipse-29-2.png 740w, https:\/\/fxtrendo.com\/wp-content\/uploads\/2025\/07\/Ellipse-29-2-226x300.png 226w\" sizes=\"(max-width: 740px) 100vw, 740px\" \/>\t\t\t\t\t\t\t\t\t\t\t\t\t\t\t<\/div>\n\t\t\t\t<\/div>\n\t\t<div class=\"elementor-element elementor-element-49f639f e-flex e-con-boxed e-con e-parent\" data-id=\"49f639f\" data-element_type=\"container\" data-e-type=\"container\">\n\t\t\t\t\t<div class=\"e-con-inner\">\n\t\t\t\t<div class=\"elementor-element elementor-element-b28fecd elementor-widget-divider--view-line_text elementor-widget-divider--element-align-left elementor-widget elementor-widget-divider\" data-id=\"b28fecd\" data-element_type=\"widget\" data-e-type=\"widget\" data-widget_type=\"divider.default\">\n\t\t\t\t\t\t\t<div class=\"elementor-divider\">\n\t\t\t<span class=\"elementor-divider-separator\">\n\t\t\t\t\t\t\t<h2 class=\"elementor-divider__text elementor-divider__element\">\n\t\t\t\t\u00daltimas noticias internas de Trendo\t\t\t\t<\/h2>\n\t\t\t\t\t\t<\/span>\n\t\t<\/div>\n\t\t\t\t\t\t<\/div>\n\t\t\t\t\t<\/div>\n\t\t\t\t<\/div>\n\t\t<div class=\"elementor-element elementor-element-6bf6e4c e-flex e-con-boxed e-con e-parent\" data-id=\"6bf6e4c\" data-element_type=\"container\" data-e-type=\"container\">\n\t\t\t\t\t<div class=\"e-con-inner\">\n\t\t\t\t<div class=\"elementor-element elementor-element-4440a8a elementor-grid-1 elementor-grid-tablet-2 elementor-grid-mobile-1 elementor-widget elementor-widget-loop-grid\" data-id=\"4440a8a\" data-element_type=\"widget\" data-e-type=\"widget\" data-settings=\"{&quot;template_id&quot;:9642,&quot;columns&quot;:1,&quot;row_gap&quot;:{&quot;unit&quot;:&quot;px&quot;,&quot;size&quot;:60,&quot;sizes&quot;:[]},&quot;_skin&quot;:&quot;post&quot;,&quot;columns_tablet&quot;:&quot;2&quot;,&quot;columns_mobile&quot;:&quot;1&quot;,&quot;edit_handle_selector&quot;:&quot;[data-elementor-type=\\&quot;loop-item\\&quot;]&quot;,&quot;row_gap_tablet&quot;:{&quot;unit&quot;:&quot;px&quot;,&quot;size&quot;:&quot;&quot;,&quot;sizes&quot;:[]},&quot;row_gap_mobile&quot;:{&quot;unit&quot;:&quot;px&quot;,&quot;size&quot;:&quot;&quot;,&quot;sizes&quot;:[]}}\" data-widget_type=\"loop-grid.post\">\n\t\t\t\t<div class=\"elementor-widget-container\">\n\t\t\t\t\t\t\t<div class=\"e-loop-nothing-found-message\">\n\t\t<\/div>\n\t\t\t\t\t\t<\/div>\n\t\t\t\t<\/div>\n\t\t\t\t<div class=\"elementor-element elementor-element-8721d6b elementor-align-left elementor-widget elementor-widget-button\" data-id=\"8721d6b\" data-element_type=\"widget\" data-e-type=\"widget\" data-widget_type=\"button.default\">\n\t\t\t\t\t\t\t\t\t\t<a class=\"elementor-button elementor-button-link elementor-size-sm\" href=\"https:\/\/fxtrendo.com\/category\/announcements\/news\/\">\n\t\t\t\t\t\t<span class=\"elementor-button-content-wrapper\">\n\t\t\t\t\t\t<span class=\"elementor-button-icon\">\n\t\t\t\t<svg aria-hidden=\"true\" class=\"e-font-icon-svg e-fas-angle-right\" viewBox=\"0 0 256 512\" xmlns=\"http:\/\/www.w3.org\/2000\/svg\"><path d=\"M224.3 273l-136 136c-9.4 9.4-24.6 9.4-33.9 0l-22.6-22.6c-9.4-9.4-9.4-24.6 0-33.9l96.4-96.4-96.4-96.4c-9.4-9.4-9.4-24.6 0-33.9L54.3 103c9.4-9.4 24.6-9.4 33.9 0l136 136c9.5 9.4 9.5 24.6.1 34z\"><\/path><\/svg>\t\t\t<\/span>\n\t\t\t\t\t\t\t\t\t<span class=\"elementor-button-text\">Ver m\u00e1s noticias<\/span>\n\t\t\t\t\t<\/span>\n\t\t\t\t\t<\/a>\n\t\t\t\t\t\t\t\t<\/div>\n\t\t\t\t\t<\/div>\n\t\t\t\t<\/div>\n\t\t<div class=\"elementor-element elementor-element-c95bdaa e-flex e-con-boxed e-con e-parent\" data-id=\"c95bdaa\" data-element_type=\"container\" data-e-type=\"container\">\n\t\t\t\t\t<div class=\"e-con-inner\">\n\t\t<div class=\"elementor-element elementor-element-462e289 e-con-full e-flex e-con e-child\" data-id=\"462e289\" data-element_type=\"container\" data-e-type=\"container\">\n\t\t\t\t<div class=\"elementor-element elementor-element-05355ef elementor-widget elementor-widget-image\" data-id=\"05355ef\" data-element_type=\"widget\" data-e-type=\"widget\" data-widget_type=\"image.default\">\n\t\t\t\t\t\t\t\t\t\t\t\t\t\t\t\t<a href=\"https:\/\/fxtrendo.com\/wp-content\/uploads\/2025\/12\/Trendo-Brandbook.pdf\">\n\t\t\t\t\t\t\t<img loading=\"lazy\" decoding=\"async\" width=\"169\" height=\"169\" src=\"https:\/\/fxtrendo.com\/wp-content\/uploads\/2025\/06\/Trendo-logo-1.png\" class=\"attachment-full size-full wp-image-58576\" alt=\"\" srcset=\"https:\/\/fxtrendo.com\/wp-content\/uploads\/2025\/06\/Trendo-logo-1.png 169w, https:\/\/fxtrendo.com\/wp-content\/uploads\/2025\/06\/Trendo-logo-1-150x150.png 150w\" sizes=\"(max-width: 169px) 100vw, 169px\" \/>\t\t\t\t\t\t\t\t<\/a>\n\t\t\t\t\t\t\t\t\t\t\t\t\t\t\t<\/div>\n\t\t\t\t<div class=\"elementor-element elementor-element-2a19433 elementor-widget elementor-widget-heading\" data-id=\"2a19433\" data-element_type=\"widget\" data-e-type=\"widget\" data-widget_type=\"heading.default\">\n\t\t\t\t\t<h2 class=\"elementor-heading-title elementor-size-default\"><a href=\"https:\/\/fxtrendo.com\/wp-content\/uploads\/2025\/12\/Trendo-Brandbook.pdf\">Gu\u00eda de marca de Trendo<\/a><\/h2>\t\t\t\t<\/div>\n\t\t\t\t<div class=\"elementor-element elementor-element-e1993ff elementor-widget elementor-widget-heading\" data-id=\"e1993ff\" data-element_type=\"widget\" data-e-type=\"widget\" data-widget_type=\"heading.default\">\n\t\t\t\t\t<span class=\"elementor-heading-title elementor-size-default\"><a href=\"https:\/\/drive.google.com\/drive\/folders\/1bG8etNs09fUQ7sDV1yCU6dIzYC-hZA1X?usp=sharing\" rel=\"nofollow noopener\" target=\"_blank\">Archivo PDF\/EPS que contiene el logotipo, la paleta de colores y las directrices de identidad visual de Trendo.<\/a><\/span>\t\t\t\t<\/div>\n\t\t\t\t<div class=\"elementor-element elementor-element-363ce0f elementor-widget-divider--view-line elementor-widget elementor-widget-divider\" data-id=\"363ce0f\" data-element_type=\"widget\" data-e-type=\"widget\" data-widget_type=\"divider.default\">\n\t\t\t\t\t\t\t<div class=\"elementor-divider\">\n\t\t\t<span class=\"elementor-divider-separator\">\n\t\t\t\t\t\t<\/span>\n\t\t<\/div>\n\t\t\t\t\t\t<\/div>\n\t\t\t\t<div class=\"elementor-element elementor-element-ba8f98c elementor-widget elementor-widget-heading\" data-id=\"ba8f98c\" data-element_type=\"widget\" data-e-type=\"widget\" data-widget_type=\"heading.default\">\n\t\t\t\t\t<h2 class=\"elementor-heading-title elementor-size-default\">Captura de pantalla de la aplicaci\u00f3n<\/h2>\t\t\t\t<\/div>\n\t\t\t\t<div class=\"elementor-element elementor-element-f2ec151 elementor-widget elementor-widget-heading\" data-id=\"f2ec151\" data-element_type=\"widget\" data-e-type=\"widget\" data-widget_type=\"heading.default\">\n\t\t\t\t\t<span class=\"elementor-heading-title elementor-size-default\">Im\u00e1genes actualizadas de la plataforma web y m\u00f3vil \u2014 ideales para su inclusi\u00f3n en noticias o art\u00edculos.<\/span>\t\t\t\t<\/div>\n\t\t\t\t<\/div>\n\t\t<div class=\"elementor-element elementor-element-0cc92a6 e-con-full e-flex e-con e-child\" data-id=\"0cc92a6\" data-element_type=\"container\" data-e-type=\"container\">\n\t\t<div class=\"elementor-element elementor-element-0e7c780 e-con-full e-flex e-con e-child\" data-id=\"0e7c780\" data-element_type=\"container\" data-e-type=\"container\">\n\t\t\t\t<div class=\"elementor-element elementor-element-4130f17 elementor-widget elementor-widget-image\" data-id=\"4130f17\" data-element_type=\"widget\" data-e-type=\"widget\" data-widget_type=\"image.default\">\n\t\t\t\t\t\t\t\t\t\t\t\t\t\t\t\t<a href=\"#\">\n\t\t\t\t\t\t\t<img loading=\"lazy\" decoding=\"async\" width=\"300\" height=\"210\" src=\"https:\/\/fxtrendo.com\/wp-content\/uploads\/2025\/12\/Frame-40422-300x210.png\" class=\"attachment-medium size-medium wp-image-58577\" alt=\"\" srcset=\"https:\/\/fxtrendo.com\/wp-content\/uploads\/2025\/12\/Frame-40422-300x210.png 300w, https:\/\/fxtrendo.com\/wp-content\/uploads\/2025\/12\/Frame-40422.png 323w\" sizes=\"(max-width: 300px) 100vw, 300px\" \/>\t\t\t\t\t\t\t\t<\/a>\n\t\t\t\t\t\t\t\t\t\t\t\t\t\t\t<\/div>\n\t\t\t\t<div class=\"elementor-element elementor-element-845bfa6 elementor-widget elementor-widget-heading\" data-id=\"845bfa6\" data-element_type=\"widget\" data-e-type=\"widget\" data-widget_type=\"heading.default\">\n\t\t\t\t\t<h2 class=\"elementor-heading-title elementor-size-default\"><a href=\"#\">Fotos de Trendo<\/a><\/h2>\t\t\t\t<\/div>\n\t\t\t\t<\/div>\n\t\t<div class=\"elementor-element elementor-element-91d4535 e-con-full e-flex e-con e-child\" data-id=\"91d4535\" data-element_type=\"container\" data-e-type=\"container\">\n\t\t\t\t<div class=\"elementor-element elementor-element-78c7b32 elementor-widget elementor-widget-image\" data-id=\"78c7b32\" data-element_type=\"widget\" data-e-type=\"widget\" data-widget_type=\"image.default\">\n\t\t\t\t\t\t\t\t\t\t\t\t\t\t\t\t<a href=\"#\">\n\t\t\t\t\t\t\t<img loading=\"lazy\" decoding=\"async\" width=\"323\" height=\"227\" src=\"https:\/\/fxtrendo.com\/wp-content\/uploads\/2025\/06\/Frame-40423.png\" class=\"attachment-full size-full wp-image-58578\" alt=\"\" srcset=\"https:\/\/fxtrendo.com\/wp-content\/uploads\/2025\/06\/Frame-40423.png 323w, https:\/\/fxtrendo.com\/wp-content\/uploads\/2025\/06\/Frame-40423-300x211.png 300w\" sizes=\"(max-width: 323px) 100vw, 323px\" \/>\t\t\t\t\t\t\t\t<\/a>\n\t\t\t\t\t\t\t\t\t\t\t\t\t\t\t<\/div>\n\t\t\t\t<div class=\"elementor-element elementor-element-d6dc29e elementor-widget elementor-widget-heading\" data-id=\"d6dc29e\" data-element_type=\"widget\" data-e-type=\"widget\" data-widget_type=\"heading.default\">\n\t\t\t\t\t<h2 class=\"elementor-heading-title elementor-size-default\"><a href=\"#\">Videos de Trendo<\/a><\/h2>\t\t\t\t<\/div>\n\t\t\t\t<\/div>\n\t\t\t\t<\/div>\n\t\t\t\t\t<\/div>\n\t\t\t\t<\/div>\n\t\t<div class=\"elementor-element elementor-element-180a015 e-flex e-con-boxed e-con e-parent\" data-id=\"180a015\" data-element_type=\"container\" data-e-type=\"container\" data-settings=\"{&quot;background_background&quot;:&quot;classic&quot;}\">\n\t\t\t\t\t<div class=\"e-con-inner\">\n\t\t\t\t<div class=\"elementor-element elementor-element-192b850 elementor-widget__width-inherit elementor-widget elementor-widget-heading\" data-id=\"192b850\" data-element_type=\"widget\" data-e-type=\"widget\" data-widget_type=\"heading.default\">\n\t\t\t\t\t<h2 class=\"elementor-heading-title elementor-size-default\">S\u00e9 el primero en saber<\/h2>\t\t\t\t<\/div>\n\t\t\t\t<div class=\"elementor-element elementor-element-5b2b83a elementor-widget__width-inherit elementor-widget elementor-widget-heading\" data-id=\"5b2b83a\" data-element_type=\"widget\" data-e-type=\"widget\" data-widget_type=\"heading.default\">\n\t\t\t\t\t<span class=\"elementor-heading-title elementor-size-default\">Haz clic en una de las siguientes opciones para recibir los anuncios oficiales y <br> las \u00faltimas noticias de Trendo antes que nadie.\n<\/span>\t\t\t\t<\/div>\n\t\t\t\t<div class=\"elementor-element elementor-element-f648317 elementor-align-right elementor-mobile-align-center cutomicon elementor-widget elementor-widget-button\" data-id=\"f648317\" data-element_type=\"widget\" data-e-type=\"widget\" data-widget_type=\"button.default\">\n\t\t\t\t\t\t\t\t\t\t<a class=\"elementor-button elementor-button-link elementor-size-sm\" href=\"https:\/\/t.me\/trendo_en\" rel=\"nofollow\">\n\t\t\t\t\t\t<span class=\"elementor-button-content-wrapper\">\n\t\t\t\t\t\t<span class=\"elementor-button-icon\">\n\t\t\t\t<svg xmlns=\"http:\/\/www.w3.org\/2000\/svg\" width=\"24\" height=\"24\" viewBox=\"0 0 24 24\" fill=\"none\"><g id=\"vuesax\/outline\/arrow-right\"><g id=\"arrow-right\"><path id=\"Vector\" d=\"M14.4291 18.8201C14.2391 18.8201 14.0491 18.7501 13.8991 18.6001C13.6091 18.3101 13.6091 17.8301 13.8991 17.5401L19.4391 12.0001L13.8991 6.46012C13.6091 6.17012 13.6091 5.69012 13.8991 5.40012C14.1891 5.11012 14.6691 5.11012 14.9591 5.40012L21.0291 11.4701C21.3191 11.7601 21.3191 12.2401 21.0291 12.5301L14.9591 18.6001C14.8091 18.7501 14.6191 18.8201 14.4291 18.8201Z\" fill=\"white\"><\/path><path id=\"Vector_2\" d=\"M20.33 12.75H3.5C3.09 12.75 2.75 12.41 2.75 12C2.75 11.59 3.09 11.25 3.5 11.25H20.33C20.74 11.25 21.08 11.59 21.08 12C21.08 12.41 20.74 12.75 20.33 12.75Z\" fill=\"white\"><\/path><\/g><\/g><\/svg>\t\t\t<\/span>\n\t\t\t\t\t\t\t\t\t<span class=\"elementor-button-text\">\u00danete al canal de Telegram de Trendo<\/span>\n\t\t\t\t\t<\/span>\n\t\t\t\t\t<\/a>\n\t\t\t\t\t\t\t\t<\/div>\n\t\t\t\t\t<\/div>\n\t\t\t\t<\/div>\n\t\t\t\t<\/div>\n\t\t","protected":false},"excerpt":{"rendered":"<p>Sala de prensa de Trendo Sigue aqu\u00ed los \u00faltimos anuncios, comunicados oficiales y cobertura medi\u00e1tica de Trendo. En esta p\u00e1gina, todo \u2014desde comunicados de prensa hasta estad\u00edsticas de crecimiento y alianzas estrat\u00e9gicas\u2014 se actualiza y est\u00e1 disponible en un solo lugar. Anuncios oficiales de Trendo Ganador de la mayor innovaci\u00f3n en plataformas de trading en [&hellip;]<\/p>\n","protected":false},"author":11,"featured_media":58580,"parent":0,"menu_order":0,"comment_status":"closed","ping_status":"closed","template":"","meta":{"_acf_changed":false,"inline_featured_image":false,"fxtrendo_post_editor":0,"footnotes":""},"class_list":["post-58581","page","type-page","status-publish","has-post-thumbnail","hentry"],"acf":[],"fxtrendo_editor":0,"_links":{"self":[{"href":"https:\/\/fxtrendo.com\/es\/wp-json\/wp\/v2\/pages\/58581","targetHints":{"allow":["GET"]}}],"collection":[{"href":"https:\/\/fxtrendo.com\/es\/wp-json\/wp\/v2\/pages"}],"about":[{"href":"https:\/\/fxtrendo.com\/es\/wp-json\/wp\/v2\/types\/page"}],"author":[{"embeddable":true,"href":"https:\/\/fxtrendo.com\/es\/wp-json\/wp\/v2\/users\/11"}],"replies":[{"embeddable":true,"href":"https:\/\/fxtrendo.com\/es\/wp-json\/wp\/v2\/comments?post=58581"}],"version-history":[{"count":10,"href":"https:\/\/fxtrendo.com\/es\/wp-json\/wp\/v2\/pages\/58581\/revisions"}],"predecessor-version":[{"id":60180,"href":"https:\/\/fxtrendo.com\/es\/wp-json\/wp\/v2\/pages\/58581\/revisions\/60180"}],"wp:featuredmedia":[{"embeddable":true,"href":"https:\/\/fxtrendo.com\/es\/wp-json\/wp\/v2\/media\/58580"}],"wp:attachment":[{"href":"https:\/\/fxtrendo.com\/es\/wp-json\/wp\/v2\/media?parent=58581"}],"curies":[{"name":"wp","href":"https:\/\/api.w.org\/{rel}","templated":true}]}}