{"id":59228,"date":"2025-06-25T10:54:58","date_gmt":"2025-06-25T10:54:58","guid":{"rendered":"https:\/\/fxtrendo.com\/?page_id=59228"},"modified":"2026-04-07T17:14:54","modified_gmt":"2026-04-07T17:14:54","slug":"transactions","status":"publish","type":"page","link":"https:\/\/fxtrendo.com\/es\/transactions\/","title":{"rendered":"M\u00e9todos de dep\u00f3sito y retiro"},"content":{"rendered":"\t\t<div data-elementor-type=\"wp-page\" data-elementor-id=\"59228\" class=\"elementor elementor-59228 elementor-8947\" data-elementor-post-type=\"page\">\n\t\t\t\t<div class=\"elementor-element elementor-element-a7a86d1 e-flex e-con-boxed e-con e-parent\" data-id=\"a7a86d1\" data-element_type=\"container\" data-e-type=\"container\" data-settings=\"{&quot;background_background&quot;:&quot;classic&quot;}\">\n\t\t\t\t\t<div class=\"e-con-inner\">\n\t\t<div class=\"elementor-element elementor-element-8a5ea22 e-con-full e-flex e-con e-child\" data-id=\"8a5ea22\" data-element_type=\"container\" data-e-type=\"container\">\n\t\t\t\t<div class=\"elementor-element elementor-element-b9cbce6 elementor-widget elementor-widget-heading\" data-id=\"b9cbce6\" data-element_type=\"widget\" data-e-type=\"widget\" data-widget_type=\"heading.default\">\n\t\t\t\t\t<h1 class=\"elementor-heading-title elementor-size-default\">M\u00e9todos de Dep\u00f3sito y Retiro en Trendo<\/h1>\t\t\t\t<\/div>\n\t\t\t\t<div class=\"elementor-element elementor-element-b9ef131 elementor-widget elementor-widget-heading\" data-id=\"b9ef131\" data-element_type=\"widget\" data-e-type=\"widget\" data-widget_type=\"heading.default\">\n\t\t\t\t\t<span class=\"elementor-heading-title elementor-size-default\">Los dep\u00f3sitos y retiros en Trendo se procesan en minutos y sin ninguna comisi\u00f3n. Puedes transferir tus fondos de forma r\u00e1pida y segura utilizando criptomonedas, en cualquier momento que desees.<\/span>\t\t\t\t<\/div>\n\t\t\t\t<div class=\"elementor-element elementor-element-189385a elementor-widget__width-initial elementor-widget-mobile__width-inherit elementor-widget elementor-widget-shortcode\" data-id=\"189385a\" data-element_type=\"widget\" data-e-type=\"widget\" data-widget_type=\"shortcode.default\">\n\t\t\t\t\t\t\t<div class=\"elementor-shortcode\">    <form id=\"fxForm_1\" class=\"custom-email-form\">\n        <input\n            type=\"email\"\n            id=\"fxEmail_1\"\n            name=\"email\"\n            placeholder=\"Email address\"\n            required\n        >\n        <button\n            type=\"button\"\n            onclick=\"redirectToSignUp('fxForm_1','fxEmail_1','fxLoader_1')\"\n        >\n            Sign up            <img decoding=\"async\" src=\"https:\/\/fxtrendo.com\/wp-content\/uploads\/2025\/04\/Arrow-right-2.svg\" alt=\"\">\n        <\/button>\n        <div id=\"fxLoader_1\" class=\"email-loader\" style=\"display: none;\"><\/div>\n    <\/form>\n\n    <script>\n    function redirectToSignUp(formId, inputId, loaderId) {\n        const form   = document.getElementById(formId);\n        const input  = document.getElementById(inputId);\n        const loader = document.getElementById(loaderId);\n\n        if (!form.reportValidity()) return;\n\n        loader.style.display = 'block';\n\n        const userEmail = input.value;\n        sessionStorage.setItem('temp_login_email', userEmail);\n        window.location.href = 'https:\/\/fxtrendo.com\/platforms\/web\/';\n    }\n    <\/script>\n    <\/div>\n\t\t\t\t\t\t<\/div>\n\t\t\t\t<\/div>\n\t\t<div class=\"elementor-element elementor-element-6744881 e-con-full e-flex e-con e-child\" data-id=\"6744881\" data-element_type=\"container\" data-e-type=\"container\">\n\t\t\t\t<div class=\"elementor-element elementor-element-5680761 elementor-widget elementor-widget-image\" data-id=\"5680761\" data-element_type=\"widget\" data-e-type=\"widget\" data-widget_type=\"image.default\">\n\t\t\t\t\t\t\t\t\t\t\t\t\t\t\t<img fetchpriority=\"high\" decoding=\"async\" width=\"650\" height=\"773\" src=\"https:\/\/fxtrendo.com\/wp-content\/uploads\/2025\/06\/card-1.png\" class=\"attachment-full size-full wp-image-59225\" alt=\"\" srcset=\"https:\/\/fxtrendo.com\/wp-content\/uploads\/2025\/06\/card-1.png 650w, https:\/\/fxtrendo.com\/wp-content\/uploads\/2025\/06\/card-1-252x300.png 252w\" sizes=\"(max-width: 650px) 100vw, 650px\" \/>\t\t\t\t\t\t\t\t\t\t\t\t\t\t\t<\/div>\n\t\t\t\t<\/div>\n\t\t\t\t\t<\/div>\n\t\t\t\t<\/div>\n\t\t<div class=\"elementor-element elementor-element-1650d4a e-flex e-con-boxed e-con e-parent\" data-id=\"1650d4a\" data-element_type=\"container\" data-e-type=\"container\">\n\t\t\t\t\t<div class=\"e-con-inner\">\n\t\t\t\t<div class=\"elementor-element elementor-element-984b2c6 elementor-widget__width-inherit elementor-widget elementor-widget-heading\" data-id=\"984b2c6\" data-element_type=\"widget\" data-e-type=\"widget\" data-widget_type=\"heading.default\">\n\t\t\t\t\t<span class=\"elementor-heading-title elementor-size-default\">Trendo Br\u00f3ker ofrece una variedad de m\u00e9todos de dep\u00f3sito y retiro sin comisiones para satisfacer las necesidades de todos sus usuarios, los cuales puedes ver en la tabla siguiente:<\/span>\t\t\t\t<\/div>\n\t\t\t\t\t<\/div>\n\t\t\t\t<\/div>\n\t\t<div class=\"elementor-element elementor-element-aba81ac e-flex e-con-boxed e-con e-parent\" data-id=\"aba81ac\" data-element_type=\"container\" data-e-type=\"container\">\n\t\t\t\t\t<div class=\"e-con-inner\">\n\t\t\t\t<div class=\"elementor-element elementor-element-08ea3e8 elementor-absolute elementor-widget elementor-widget-image\" data-id=\"08ea3e8\" data-element_type=\"widget\" data-e-type=\"widget\" data-settings=\"{&quot;_position&quot;:&quot;absolute&quot;}\" data-widget_type=\"image.default\">\n\t\t\t\t\t\t\t\t\t\t\t\t\t\t\t<img decoding=\"async\" width=\"584\" height=\"1146\" src=\"https:\/\/fxtrendo.com\/wp-content\/uploads\/2025\/04\/Ellipse-30-1.svg\" class=\"attachment-full size-full wp-image-59226\" alt=\"\" \/>\t\t\t\t\t\t\t\t\t\t\t\t\t\t\t<\/div>\n\t\t\t\t<div class=\"elementor-element elementor-element-bdc8f77 elementor-widget elementor-widget-html\" data-id=\"bdc8f77\" data-element_type=\"widget\" data-e-type=\"widget\" data-widget_type=\"html.default\">\n\t\t\t\t\t\r\n  <style>\r\n \r\n\r\n    .table-container {\r\n      overflow-x: auto;\r\n   \r\n      font-family: \"YekanBakh\", Sans-serif !important;\r\n      background-color: #201C1C;\r\n    }\r\n\r\n    .table-container table {\r\n      border-collapse: collapse;\r\n      width: 100%;\r\n      min-width: 1300px;\r\n      table-layout: fixed;\r\n          font-family: \"YekanBakh\", Sans-serif;\r\n    }\r\n    .table-container img.icon {\r\n      vertical-align: center;\r\n      width: 54px;\r\n      height: 54px;\r\n      margin-right: 10px;\r\n    }\r\n\r\n    .table-container th, .table-container td {\r\n      padding: 40px 16px;\r\n      text-align: center;\r\n      font-size:24px;\r\n      border:2px solid #26433B;\r\n      vertical-align: baseline !important;\r\n          font-family: \"YekanBakh\", Sans-serif;\r\n    }\r\n\r\n    .table-container th {\r\n      background-color: #0D4233;\r\n      color: #fff;\r\n      font-size: 24px;\r\nfont-style: normal;\r\nfont-weight: 600;\r\nline-height: 28px;\r\n      \r\n    }\r\n\r\n    .table-container td {\r\n      background-color: #1a1a1a;\r\n      color: #ddd;\r\n      border-top: 1px solid #26433B;\r\n      font-size: 24px;\r\nfont-style: normal;\r\nfont-weight: 400;\r\n    }\r\n\r\n    .table-container a {\r\n      color: #00B781;\r\n      text-decoration: none;\r\n          font-family: \"YekanBakh\", Sans-serif !important;\r\n          text-decoration: underline;\r\n    }\r\n\r\n    .table-container a:hover {\r\n      text-decoration: underline;\r\n      color: #55CFAB;\r\n    }\r\n\r\n    img.icon {\r\n      vertical-align: middle;\r\n      width: 20px;\r\n      height: 20px;\r\n      margin-right: 8px;\r\n      text-align: left !important;\r\n    }\r\n    \r\n    table tbody>tr:nth-child(odd)>td, table tbody>tr:nth-child(odd)>th\r\n    {\r\n        background-color: #252525 !important;\r\n    }\r\n  <\/style>\r\n<\/head>\r\n<body>\r\n\r\n  <div class=\"table-container\">\r\n    <table>\r\n      <thead>\r\n        <tr>\r\n          <th>Opci\u00f3n<\/th>\r\n          <th>Tiempo de Dep\u00f3sito<\/th>\r\n          <th>Tiempo de Retiro<\/th>\r\n          <th>Moneda<\/th>\r\n          <th>Instrucciones<\/th>\r\n        <\/tr>\r\n      <\/thead>\r\n      <tbody>\r\n                          <tr>\r\n            <td style=\"text-align: left;\"><img decoding=\"async\" src=\"https:\/\/fxtrendo.com\/wp-content\/uploads\/2025\/11\/mastercard-svgrepo-com.svg\" alt=\"ETH\" class=\"icon\">Mastercard<\/td>\r\n            <td>Instant\u00e1neo<\/td>\r\n            <td>1 a 24 horas<\/td>\r\n            <td>USD, EUR, GBP, etc<\/td>\r\n            <td><a href=\"https:\/\/help.fxtrendo.com\/portal\/en\/kb\/articles\/mastercard-visacard-deposit\">\u00bfC\u00f3mo funciona??<\/a><\/td>\r\n        <\/tr>\r\n        <tr>\r\n            <td style=\"text-align: left;\"><img decoding=\"async\" src=\"https:\/\/fxtrendo.com\/wp-content\/uploads\/2025\/11\/visa-svgrepo-com.svg\" alt=\"ETH\" class=\"icon\">Visa Card<\/td>\r\n            <td>Instant\u00e1neo<\/td>\r\n            <td>1 a 24 horas<\/td>\r\n            <td>USD, EUR, GBP, etc<\/td>\r\n            <td><a href=\"https:\/\/help.fxtrendo.com\/portal\/en\/kb\/articles\/mastercard-visacard-deposit\">\u00bfC\u00f3mo funciona?<\/a><\/td>\r\n        <\/tr>\r\n        <tr>\r\n          <td style=\"text-align: left;\"><img decoding=\"async\" src=\"https:\/\/fxtrendo.com\/wp-content\/uploads\/2025\/06\/USDTTRC20-3.svg\" alt=\"Tether\" class=\"icon\"> Tether (TRC20)<\/td>\r\n          <td>Instant\u00e1neo<\/td>\r\n          <td>Instant\u00e1neo*<\/td>\r\n          <td>USDT<\/td>\r\n          <td><a href=\"https:\/\/help.fxtrendo.com\/portal\/en\/kb\/articles\/depositing-with-cryptocurrency-on-trendo#Steps_for_Depositing_Cryptocurrency_through_Trendo_Platform\">\u00bfC\u00f3mo funciona?<\/a><\/td>\r\n        <\/tr>\r\n        <tr>\r\n          <td style=\"text-align: left;\" ><img decoding=\"async\" src=\"https:\/\/fxtrendo.com\/wp-content\/uploads\/2025\/06\/USDTBEP20-3.svg\" alt=\"Tether\" class=\"icon\"> Tether (BEP20)<\/td>\r\n          <td>Instant\u00e1neo<\/td>\r\n          <td>Instant\u00e1neo<\/td>\r\n          <td>USDT<\/td>\r\n          <td><a href=\"https:\/\/help.fxtrendo.com\/portal\/en\/kb\/articles\/depositing-with-cryptocurrency-on-trendo#Steps_for_Depositing_Cryptocurrency_through_Trendo_Platform\">\u00bfC\u00f3mo funciona?<\/a><\/td>\r\n        <\/tr>\r\n        <tr>\r\n          <td style=\"text-align: left;\"><img decoding=\"async\" src=\"https:\/\/fxtrendo.com\/wp-content\/uploads\/2025\/06\/USDC-2.svg\" alt=\"USDC\" class=\"icon\"> USDC (ERC20)<\/td>\r\n          <td>Instant\u00e1neo<\/td>\r\n          <td>Instant\u00e1neo<\/td>\r\n          <td>USDC<\/td>\r\n          <td><a href=\"https:\/\/help.fxtrendo.com\/portal\/en\/kb\/articles\/depositing-with-cryptocurrency-on-trendo#Steps_for_Depositing_Cryptocurrency_through_Trendo_Platform\">\u00bfC\u00f3mo funciona?<\/a><\/td>\r\n        <\/tr>\r\n        <tr>\r\n          <td style=\"text-align: left;\"><img decoding=\"async\" src=\"https:\/\/fxtrendo.com\/wp-content\/uploads\/2025\/06\/BTC-2.svg\" alt=\"BTC\" class=\"icon\"> Bitcoin<\/td>\r\n          <td>Instant\u00e1neo<\/td>\r\n          <td>Instant\u00e1neo<\/td>\r\n          <td>BTC<\/td>\r\n          <td><a href=\"https:\/\/help.fxtrendo.com\/portal\/en\/kb\/articles\/depositing-with-cryptocurrency-on-trendo#Steps_for_Depositing_Cryptocurrency_through_Trendo_Platform\">\u00bfC\u00f3mo funciona?<\/a><\/td>\r\n        <\/tr>\r\n        <tr>\r\n          <td style=\"text-align: left;\"><img decoding=\"async\" src=\"https:\/\/fxtrendo.com\/wp-content\/uploads\/2025\/06\/Tron-2.svg\" alt=\"Tron\" class=\"icon\"> Tron<\/td>\r\n          <td>Instant\u00e1neo<\/td>\r\n          <td>Instant\u00e1neo<\/td>\r\n          <td>TRX<\/td>\r\n          <td><a href=\"https:\/\/help.fxtrendo.com\/portal\/en\/kb\/articles\/depositing-with-cryptocurrency-on-trendo#Steps_for_Depositing_Cryptocurrency_through_Trendo_Platform\">\u00bfC\u00f3mo funciona?<\/a><\/td>\r\n        <\/tr>\r\n        <tr>\r\n          <td style=\"text-align: left;\"><img decoding=\"async\" src=\"https:\/\/fxtrendo.com\/wp-content\/uploads\/2025\/06\/Binance-2.svg\" alt=\"BNB\" class=\"icon\"> Binance Coin<\/td>\r\n          <td>Instant\u00e1neo<\/td>\r\n          <td>Instant\u00e1neo<\/td>\r\n          <td>BNB<\/td>\r\n          <td><a href=\"https:\/\/help.fxtrendo.com\/portal\/en\/kb\/articles\/depositing-with-cryptocurrency-on-trendo#Steps_for_Depositing_Cryptocurrency_through_Trendo_Platform\">\u00bfC\u00f3mo funciona?<\/a><\/td>\r\n        <\/tr>\r\n        <tr>\r\n          <td style=\"text-align: left;\"><img decoding=\"async\" src=\"https:\/\/fxtrendo.com\/wp-content\/uploads\/2025\/06\/ETH-2.svg\" alt=\"ETH\" class=\"icon\"> Ethereum<\/td>\r\n          <td>Instant\u00e1neo<\/td>\r\n          <td>Instant\u00e1neo<\/td>\r\n          <td>ETH<\/td>\r\n          <td><a href=\"https:\/\/help.fxtrendo.com\/portal\/en\/kb\/articles\/depositing-with-cryptocurrency-on-trendo#Steps_for_Depositing_Cryptocurrency_through_Trendo_Platform\">\u00bfC\u00f3mo funciona?<\/a><\/td>\r\n        <\/tr>\r\n      <\/tbody>\r\n    <\/table>\r\n  <\/div>\r\n\r\n\t\t\t\t<\/div>\n\t\t\t\t<div class=\"elementor-element elementor-element-73cd494 elementor-absolute elementor-widget elementor-widget-image\" data-id=\"73cd494\" data-element_type=\"widget\" data-e-type=\"widget\" data-settings=\"{&quot;_position&quot;:&quot;absolute&quot;}\" data-widget_type=\"image.default\">\n\t\t\t\t\t\t\t\t\t\t\t\t\t\t\t<img decoding=\"async\" width=\"740\" height=\"982\" src=\"https:\/\/fxtrendo.com\/wp-content\/uploads\/2025\/06\/Ellipse-2449.png\" class=\"attachment-full size-full wp-image-59227\" alt=\"\" srcset=\"https:\/\/fxtrendo.com\/wp-content\/uploads\/2025\/06\/Ellipse-2449.png 740w, https:\/\/fxtrendo.com\/wp-content\/uploads\/2025\/06\/Ellipse-2449-226x300.png 226w\" sizes=\"(max-width: 740px) 100vw, 740px\" \/>\t\t\t\t\t\t\t\t\t\t\t\t\t\t\t<\/div>\n\t\t\t\t<div class=\"elementor-element elementor-element-c5cb29c elementor-widget__width-inherit elementor-widget elementor-widget-heading\" data-id=\"c5cb29c\" data-element_type=\"widget\" data-e-type=\"widget\" data-widget_type=\"heading.default\">\n\t\t\t\t\t<span class=\"elementor-heading-title elementor-size-default\">* Ten en cuenta que los dep\u00f3sitos y retiros en criptomonedas se procesan de inmediato, pero la congesti\u00f3n de la red puede ocasionar retrasos ocasionales en la confirmaci\u00f3n dentro de la blockchain.<\/span>\t\t\t\t<\/div>\n\t\t\t\t\t<\/div>\n\t\t\t\t<\/div>\n\t\t<div class=\"elementor-element elementor-element-2ba18c3 e-flex e-con-boxed e-con e-parent\" data-id=\"2ba18c3\" data-element_type=\"container\" data-e-type=\"container\">\n\t\t\t\t\t<div class=\"e-con-inner\">\n\t\t<div class=\"elementor-element elementor-element-099cae5 e-con-full e-flex e-con e-child\" data-id=\"099cae5\" data-element_type=\"container\" data-e-type=\"container\" data-settings=\"{&quot;background_background&quot;:&quot;classic&quot;}\">\n\t\t<div class=\"elementor-element elementor-element-3cd50df e-con-full e-flex e-con e-child\" data-id=\"3cd50df\" data-element_type=\"container\" data-e-type=\"container\">\n\t\t\t\t<div class=\"elementor-element elementor-element-b339c9b elementor-absolute elementor-hidden-tablet elementor-hidden-mobile elementor-widget elementor-widget-image\" data-id=\"b339c9b\" data-element_type=\"widget\" data-e-type=\"widget\" data-settings=\"{&quot;_position&quot;:&quot;absolute&quot;}\" data-widget_type=\"image.default\">\n\t\t\t\t\t\t\t\t\t\t\t\t\t\t\t<img loading=\"lazy\" decoding=\"async\" width=\"543\" height=\"543\" src=\"https:\/\/fxtrendo.com\/wp-content\/uploads\/2025\/06\/10-percent-1-1.png\" class=\"attachment-full size-full wp-image-59123\" alt=\"\" srcset=\"https:\/\/fxtrendo.com\/wp-content\/uploads\/2025\/06\/10-percent-1-1.png 543w, https:\/\/fxtrendo.com\/wp-content\/uploads\/2025\/06\/10-percent-1-1-150x150.png 150w, https:\/\/fxtrendo.com\/wp-content\/uploads\/2025\/06\/10-percent-1-1-300x300.png 300w\" sizes=\"(max-width: 543px) 100vw, 543px\" \/>\t\t\t\t\t\t\t\t\t\t\t\t\t\t\t<\/div>\n\t\t\t\t<\/div>\n\t\t<div class=\"elementor-element elementor-element-147e5c5 e-con-full e-flex e-con e-child\" data-id=\"147e5c5\" data-element_type=\"container\" data-e-type=\"container\">\n\t\t\t\t<div class=\"elementor-element elementor-element-4867403 elementor-hidden-desktop elementor-widget elementor-widget-image\" data-id=\"4867403\" data-element_type=\"widget\" data-e-type=\"widget\" data-widget_type=\"image.default\">\n\t\t\t\t\t\t\t\t\t\t\t\t\t\t\t<img loading=\"lazy\" decoding=\"async\" width=\"543\" height=\"543\" src=\"https:\/\/fxtrendo.com\/wp-content\/uploads\/2025\/06\/10-percent-1-1.png\" class=\"attachment-full size-full wp-image-59123\" alt=\"\" srcset=\"https:\/\/fxtrendo.com\/wp-content\/uploads\/2025\/06\/10-percent-1-1.png 543w, https:\/\/fxtrendo.com\/wp-content\/uploads\/2025\/06\/10-percent-1-1-150x150.png 150w, https:\/\/fxtrendo.com\/wp-content\/uploads\/2025\/06\/10-percent-1-1-300x300.png 300w\" sizes=\"(max-width: 543px) 100vw, 543px\" \/>\t\t\t\t\t\t\t\t\t\t\t\t\t\t\t<\/div>\n\t\t\t\t<div class=\"elementor-element elementor-element-7bf2451 elementor-widget elementor-widget-heading\" data-id=\"7bf2451\" data-element_type=\"widget\" data-e-type=\"widget\" data-widget_type=\"heading.default\">\n\t\t\t\t\t<h2 class=\"elementor-heading-title elementor-size-default\">10% de Bono por Dep\u00f3sito en Criptomonedas<\/h2>\t\t\t\t<\/div>\n\t\t\t\t<div class=\"elementor-element elementor-element-ec923e8 elementor-mobile-align-center elementor-widget elementor-widget-button\" data-id=\"ec923e8\" data-element_type=\"widget\" data-e-type=\"widget\" data-widget_type=\"button.default\">\n\t\t\t\t\t\t\t\t\t\t<a class=\"elementor-button elementor-button-link elementor-size-sm\" href=\"\/crypto-deposit-bonus\">\n\t\t\t\t\t\t<span class=\"elementor-button-content-wrapper\">\n\t\t\t\t\t\t\t\t\t<span class=\"elementor-button-text\">Para m\u00e1s detalles haz clic aqu\u00ed<\/span>\n\t\t\t\t\t<\/span>\n\t\t\t\t\t<\/a>\n\t\t\t\t\t\t\t\t<\/div>\n\t\t\t\t<\/div>\n\t\t\t\t<\/div>\n\t\t\t\t\t<\/div>\n\t\t\t\t<\/div>\n\t\t<div class=\"elementor-element elementor-element-8c01a0a e-flex e-con-boxed e-con e-parent\" data-id=\"8c01a0a\" data-element_type=\"container\" data-e-type=\"container\">\n\t\t\t\t\t<div class=\"e-con-inner\">\n\t\t\t\t<div class=\"elementor-element elementor-element-b875e6f elementor-widget elementor-widget-heading\" data-id=\"b875e6f\" data-element_type=\"widget\" data-e-type=\"widget\" data-widget_type=\"heading.default\">\n\t\t\t\t\t<h2 class=\"elementor-heading-title elementor-size-default\">T\u00e9rminos &amp; Condiciones de Dep\u00f3sito y Retiro en Trendo Br\u00f3ker<\/h2>\t\t\t\t<\/div>\n\t\t\t\t<div class=\"elementor-element elementor-element-46f24ee elementor-widget elementor-widget-text-editor\" data-id=\"46f24ee\" data-element_type=\"widget\" data-e-type=\"widget\" data-widget_type=\"text-editor.default\">\n\t\t\t\t\t\t\t\t\t<ol>\n<li>Cada dep\u00f3sito o retiro debe ser de al menos $10 (o el equivalente en otra moneda).<\/li>\n<li>Todas las transacciones son monitoreadas por el equipo financiero de Trendo; cualquier actividad sospechosa ser\u00e1 revisada y gestionada conforme a las regulaciones internacionales.<\/li>\n<li>Las cuentas no verificadas no pueden depositar ni retirar mediante transferencia bancaria; estos m\u00e9todos se activan \u00fanicamente despu\u00e9s de la verificaci\u00f3n de identidad.<\/li>\n<li>Los retiros por cualquier canal son posibles solo despu\u00e9s de la aprobaci\u00f3n KYC.<\/li>\n<li>No se aceptan tarjetas o cuentas de terceros. Los dep\u00f3sitos y retiros bancarios deben provenir de una cuenta con el mismo nombre que el perfil de trading.<\/li>\n<li>Seg\u00fan las normas contra el lavado de dinero, los fondos solo pueden retirarse mediante el mismo m\u00e9todo (o m\u00e9todos) y en la misma proporci\u00f3n utilizada para depositar. Si se usan varios canales, los retiros se dividir\u00e1n en consecuencia.<\/li>\n<li>Trendo no cobra ninguna comisi\u00f3n interna en ning\u00fan canal de dep\u00f3sito o retiro.<\/li>\n<li>Al enviar criptomonedas, verifica cuidadosamente la direcci\u00f3n de la wallet y la red; el usuario es responsable de los errores o transferencias a cadenas incorrectas.<\/li>\n<li>Puedes fondear tu cuenta durante los d\u00edas festivos; sin embargo, los retiros en d\u00edas festivos se procesar\u00e1n solo si no existen posiciones abiertas.<\/li>\n<li>Dentro de Trendo puedes mover saldos instant\u00e1neamente entre tus propias cuentas de trading.<\/li>\n<li>Ten en cuenta que el bono por dep\u00f3sito en criptomonedas acreditado a tu cuenta no es transferible. Si los fondos principales se transfieren a otra cuenta, el monto del bono no ser\u00e1 transferido. Adem\u00e1s, no est\u00e1 permitido transferir o mover fondos entre cuentas PAMM, cuentas de copy trading y bonos.<\/li>\n<li>Cuando depositas mediante criptomonedas, se acredita un 10 % adicional del valor del dep\u00f3sito como bono. La promoci\u00f3n del bono por dep\u00f3sito no tiene l\u00edmite m\u00e1ximo ni fecha de finalizaci\u00f3n.<\/li>\n<li>Al igual que los dep\u00f3sitos, los retiros tambi\u00e9n est\u00e1n libres de comisiones por parte de Trendo; la \u00fanica tarifa posible es la comisi\u00f3n de red o de la blockchain.<\/li>\n<\/ol>\t\t\t\t\t\t\t\t<\/div>\n\t\t\t\t\t<\/div>\n\t\t\t\t<\/div>\n\t\t<div class=\"elementor-element elementor-element-b15bd9c e-flex e-con-boxed e-con e-parent\" data-id=\"b15bd9c\" data-element_type=\"container\" data-e-type=\"container\" data-settings=\"{&quot;background_background&quot;:&quot;classic&quot;}\">\n\t\t\t\t\t<div class=\"e-con-inner\">\n\t\t\t\t<div class=\"elementor-element elementor-element-f311e30 elementor-widget__width-inherit elementor-widget elementor-widget-heading\" data-id=\"f311e30\" data-element_type=\"widget\" data-e-type=\"widget\" data-widget_type=\"heading.default\">\n\t\t\t\t\t<h2 class=\"elementor-heading-title elementor-size-default\">\u00bfListo para realizar tu primer dep\u00f3sito en Trendo?<\/h2>\t\t\t\t<\/div>\n\t\t\t\t<div class=\"elementor-element elementor-element-2f543cd elementor-widget__width-initial elementor-widget elementor-widget-heading\" data-id=\"2f543cd\" data-element_type=\"widget\" data-e-type=\"widget\" data-widget_type=\"heading.default\">\n\t\t\t\t\t<span class=\"elementor-heading-title elementor-size-default\">Puedes hacer tu primer dep\u00f3sito utilizando diversos m\u00e9todos, especialmente criptomonedas con un bono del 10 %, y comenzar a operar en los mercados financieros.<\/span>\t\t\t\t<\/div>\n\t\t\t\t<div class=\"elementor-element elementor-element-8d6760a elementor-widget__width-initial elementor-widget-mobile__width-inherit elementor-widget elementor-widget-shortcode\" data-id=\"8d6760a\" data-element_type=\"widget\" data-e-type=\"widget\" data-widget_type=\"shortcode.default\">\n\t\t\t\t\t\t\t<div class=\"elementor-shortcode\">    <form id=\"fxForm_2\" class=\"custom-email-form\">\n        <input\n            type=\"email\"\n            id=\"fxEmail_2\"\n            name=\"email\"\n            placeholder=\"Email address\"\n            required\n        >\n        <button\n            type=\"button\"\n            onclick=\"redirectToSignUp('fxForm_2','fxEmail_2','fxLoader_2')\"\n        >\n            Sign up            <img decoding=\"async\" src=\"https:\/\/fxtrendo.com\/wp-content\/uploads\/2025\/04\/Arrow-right-2.svg\" alt=\"\">\n        <\/button>\n        <div id=\"fxLoader_2\" class=\"email-loader\" style=\"display: none;\"><\/div>\n    <\/form>\n\n    <script>\n    function redirectToSignUp(formId, inputId, loaderId) {\n        const form   = document.getElementById(formId);\n        const input  = document.getElementById(inputId);\n        const loader = document.getElementById(loaderId);\n\n        if (!form.reportValidity()) return;\n\n        loader.style.display = 'block';\n\n        const userEmail = input.value;\n        sessionStorage.setItem('temp_login_email', userEmail);\n        window.location.href = 'https:\/\/fxtrendo.com\/platforms\/web\/';\n    }\n    <\/script>\n    <\/div>\n\t\t\t\t\t\t<\/div>\n\t\t\t\t\t<\/div>\n\t\t\t\t<\/div>\n\t\t\t\t<\/div>\n\t\t","protected":false},"excerpt":{"rendered":"<p>M\u00e9todos de Dep\u00f3sito y Retiro en Trendo Los dep\u00f3sitos y retiros en Trendo se procesan en minutos y sin ninguna comisi\u00f3n. Puedes transferir tus fondos de forma r\u00e1pida y segura utilizando criptomonedas, en cualquier momento que desees. Trendo Br\u00f3ker ofrece una variedad de m\u00e9todos de dep\u00f3sito y retiro sin comisiones para satisfacer las necesidades de [&hellip;]<\/p>\n","protected":false},"author":9,"featured_media":59225,"parent":0,"menu_order":0,"comment_status":"closed","ping_status":"closed","template":"","meta":{"_acf_changed":false,"inline_featured_image":false,"fxtrendo_post_editor":0,"footnotes":""},"class_list":["post-59228","page","type-page","status-publish","has-post-thumbnail","hentry"],"acf":[],"fxtrendo_editor":0,"_links":{"self":[{"href":"https:\/\/fxtrendo.com\/es\/wp-json\/wp\/v2\/pages\/59228","targetHints":{"allow":["GET"]}}],"collection":[{"href":"https:\/\/fxtrendo.com\/es\/wp-json\/wp\/v2\/pages"}],"about":[{"href":"https:\/\/fxtrendo.com\/es\/wp-json\/wp\/v2\/types\/page"}],"author":[{"embeddable":true,"href":"https:\/\/fxtrendo.com\/es\/wp-json\/wp\/v2\/users\/9"}],"replies":[{"embeddable":true,"href":"https:\/\/fxtrendo.com\/es\/wp-json\/wp\/v2\/comments?post=59228"}],"version-history":[{"count":13,"href":"https:\/\/fxtrendo.com\/es\/wp-json\/wp\/v2\/pages\/59228\/revisions"}],"predecessor-version":[{"id":59347,"href":"https:\/\/fxtrendo.com\/es\/wp-json\/wp\/v2\/pages\/59228\/revisions\/59347"}],"wp:featuredmedia":[{"embeddable":true,"href":"https:\/\/fxtrendo.com\/es\/wp-json\/wp\/v2\/media\/59225"}],"wp:attachment":[{"href":"https:\/\/fxtrendo.com\/es\/wp-json\/wp\/v2\/media?parent=59228"}],"curies":[{"name":"wp","href":"https:\/\/api.w.org\/{rel}","templated":true}]}}