{"id":59852,"date":"2025-07-08T13:39:28","date_gmt":"2025-07-08T13:39:28","guid":{"rendered":"https:\/\/fxtrendo.com\/?page_id=59852"},"modified":"2026-04-13T09:18:25","modified_gmt":"2026-04-13T09:18:25","slug":"contact-us","status":"publish","type":"page","link":"https:\/\/fxtrendo.com\/es\/contact-us\/","title":{"rendered":"Soporte de Trendo"},"content":{"rendered":"\t\t<div data-elementor-type=\"wp-page\" data-elementor-id=\"59852\" class=\"elementor elementor-59852 elementor-12304\" data-elementor-post-type=\"page\">\n\t\t\t\t<div class=\"elementor-element elementor-element-649ba66 e-flex e-con-boxed e-con e-parent\" data-id=\"649ba66\" data-element_type=\"container\" data-e-type=\"container\" data-settings=\"{&quot;background_background&quot;:&quot;classic&quot;}\">\n\t\t\t\t\t<div class=\"e-con-inner\">\n\t\t<div class=\"elementor-element elementor-element-7f2a7af e-con-full e-flex e-con e-child\" data-id=\"7f2a7af\" data-element_type=\"container\" data-e-type=\"container\" data-settings=\"{&quot;background_background&quot;:&quot;classic&quot;}\">\n\t\t\t\t<div class=\"elementor-element elementor-element-aed352d elementor-widget elementor-widget-heading\" data-id=\"aed352d\" data-element_type=\"widget\" data-e-type=\"widget\" data-widget_type=\"heading.default\">\n\t\t\t\t\t<h1 class=\"elementor-heading-title elementor-size-default\">Contactar con el soporte de Trendo<\/h1>\t\t\t\t<\/div>\n\t\t\t\t<div class=\"elementor-element elementor-element-3110f68 elementor-widget elementor-widget-heading\" data-id=\"3110f68\" data-element_type=\"widget\" data-e-type=\"widget\" data-widget_type=\"heading.default\">\n\t\t\t\t\t<span class=\"elementor-heading-title elementor-size-default\">Los traders pueden contactar con el equipo de soporte de Trendo <strong>24\/7<\/strong> <strong>todos los d\u00edas<\/strong> a trav\u00e9s de diversos m\u00e9todos, <strong>incluso en d\u00edas festivos<\/strong>.\n<\/span>\t\t\t\t<\/div>\n\t\t\t\t<div class=\"elementor-element elementor-element-6146658 elementor-widget__width-initial elementor-widget elementor-widget-text-editor\" data-id=\"6146658\" data-element_type=\"widget\" data-e-type=\"widget\" data-widget_type=\"text-editor.default\">\n\t\t\t\t\t\t\t\t\t<p>En Trendo, el soporte es m\u00e1s que un servicio: es nuestro compromiso de ofrecer un servicio de calidad. Nuestro equipo disponible 24\/7 est\u00e1 listo para ayudarte con tus preguntas, orientaci\u00f3n y necesidades de trading.<\/p>\t\t\t\t\t\t\t\t<\/div>\n\t\t\t\t<\/div>\n\t\t\t\t\t<\/div>\n\t\t\t\t<\/div>\n\t\t<div class=\"elementor-element elementor-element-7f605f2 elementor-hidden-desktop elementor-hidden-tablet e-flex e-con-boxed e-con e-parent\" data-id=\"7f605f2\" data-element_type=\"container\" data-e-type=\"container\">\n\t\t\t\t\t<div class=\"e-con-inner\">\n\t\t\t\t<div class=\"elementor-element elementor-element-fb5c606 elementor-widget__width-inherit elementor-absolute elementor-widget elementor-widget-image\" data-id=\"fb5c606\" data-element_type=\"widget\" data-e-type=\"widget\" data-settings=\"{&quot;_position&quot;:&quot;absolute&quot;}\" data-widget_type=\"image.default\">\n\t\t\t\t\t\t\t\t\t\t\t\t\t\t\t<img fetchpriority=\"high\" decoding=\"async\" width=\"412\" height=\"1146\" src=\"https:\/\/fxtrendo.com\/wp-content\/uploads\/2025\/04\/Ellipse-33.svg\" class=\"attachment-full size-full wp-image-59843\" alt=\"\" \/>\t\t\t\t\t\t\t\t\t\t\t\t\t\t\t<\/div>\n\t\t\t\t\t<\/div>\n\t\t\t\t<\/div>\n\t\t<div class=\"elementor-element elementor-element-3773029 e-flex e-con-boxed e-con e-parent\" data-id=\"3773029\" data-element_type=\"container\" data-e-type=\"container\">\n\t\t\t\t\t<div class=\"e-con-inner\">\n\t\t\t\t<div class=\"elementor-element elementor-element-1fc3485 elementor-widget elementor-widget-heading\" data-id=\"1fc3485\" data-element_type=\"widget\" data-e-type=\"widget\" data-widget_type=\"heading.default\">\n\t\t\t\t\t<h2 class=\"elementor-heading-title elementor-size-default\">Formas de contactar con el soporte de Trendo<\/h2>\t\t\t\t<\/div>\n\t\t\t\t\t<\/div>\n\t\t\t\t<\/div>\n\t\t<div class=\"elementor-element elementor-element-73647f1 e-flex e-con-boxed e-con e-parent\" data-id=\"73647f1\" data-element_type=\"container\" data-e-type=\"container\">\n\t\t\t\t\t<div class=\"e-con-inner\">\n\t\t<div class=\"elementor-element elementor-element-b0d0977 e-con-full e-flex e-con e-child\" data-id=\"b0d0977\" data-element_type=\"container\" data-e-type=\"container\" data-settings=\"{&quot;background_background&quot;:&quot;classic&quot;}\">\n\t\t\t\t<div class=\"elementor-element elementor-element-fcc3b97 weight-font elementor-position-top elementor-widget elementor-widget-image-box\" data-id=\"fcc3b97\" data-element_type=\"widget\" data-e-type=\"widget\" data-widget_type=\"image-box.default\">\n\t\t\t\t\t<div class=\"elementor-image-box-wrapper\"><figure class=\"elementor-image-box-img\"><img decoding=\"async\" width=\"48\" height=\"48\" src=\"https:\/\/fxtrendo.com\/wp-content\/uploads\/2025\/04\/Chat.png\" class=\"attachment-full size-full wp-image-59844\" alt=\"\" \/><\/figure><div class=\"elementor-image-box-content\"><h3 class=\"elementor-image-box-title\">Chat en l\u00ednea a trav\u00e9s de la plataforma y el sitio web<\/h3><p class=\"elementor-image-box-description\">Contacta con el soporte de Trendo directamente desde la plataforma de trading o el sitio web. Obt\u00e9n la ayuda que necesitas con unos pocos clics en el chat.\nEl tiempo promedio de respuesta del equipo de soporte es de aproximadamente 5 minutos. Los fines de semana (s\u00e1bado y domingo), las respuestas pueden retrasarse ligeramente.<\/p><\/div><\/div>\t\t\t\t<\/div>\n\t\t\t\t<div class=\"elementor-element elementor-element-07fa267 elementor-align-center elementor-widget__width-initial elementor-widget elementor-widget-button\" data-id=\"07fa267\" data-element_type=\"widget\" data-e-type=\"widget\" data-widget_type=\"button.default\">\n\t\t\t\t\t\t\t\t\t\t<a class=\"elementor-button elementor-button-link elementor-size-sm\" href=\"#\" id=\"toggle-chat-btn\">\n\t\t\t\t\t\t<span class=\"elementor-button-content-wrapper\">\n\t\t\t\t\t\t\t\t\t<span class=\"elementor-button-text\">Iniciar chat en vivo<\/span>\n\t\t\t\t\t<\/span>\n\t\t\t\t\t<\/a>\n\t\t\t\t\t\t\t\t<\/div>\n\t\t\t\t<\/div>\n\t\t<div class=\"elementor-element elementor-element-60e15f5 e-con-full e-flex e-con e-child\" data-id=\"60e15f5\" data-element_type=\"container\" data-e-type=\"container\" data-settings=\"{&quot;background_background&quot;:&quot;classic&quot;}\">\n\t\t\t\t<div class=\"elementor-element elementor-element-7f00363 weight-font elementor-position-top elementor-widget elementor-widget-image-box\" data-id=\"7f00363\" data-element_type=\"widget\" data-e-type=\"widget\" data-widget_type=\"image-box.default\">\n\t\t\t\t\t<div class=\"elementor-image-box-wrapper\"><figure class=\"elementor-image-box-img\"><img decoding=\"async\" width=\"48\" height=\"48\" src=\"https:\/\/fxtrendo.com\/wp-content\/uploads\/2025\/04\/Telegram.png\" class=\"attachment-full size-full wp-image-59845\" alt=\"\" \/><\/figure><div class=\"elementor-image-box-content\"><h3 class=\"elementor-image-box-title\">Contacto a trav\u00e9s de Telegram<\/h3><p class=\"elementor-image-box-description\">Contacta r\u00e1pidamente con el soporte de Trendo a trav\u00e9s de Telegram. \u00danete a nuestro canal de soporte para realizar tus consultas directamente. El tiempo promedio de respuesta del equipo de soporte es de 4 horas.\n<\/p><\/div><\/div>\t\t\t\t<\/div>\n\t\t\t\t<div class=\"elementor-element elementor-element-b80b2eb elementor-align-justify elementor-widget__width-initial elementor-widget elementor-widget-button\" data-id=\"b80b2eb\" data-element_type=\"widget\" data-e-type=\"widget\" data-widget_type=\"button.default\">\n\t\t\t\t\t\t\t\t\t\t<a class=\"elementor-button elementor-button-link elementor-size-sm\" href=\"https:\/\/t.me\/trendo_support\" rel=\"nofollow\">\n\t\t\t\t\t\t<span class=\"elementor-button-content-wrapper\">\n\t\t\t\t\t\t\t\t\t<span class=\"elementor-button-text\">Abrir soporte en Telegram<\/span>\n\t\t\t\t\t<\/span>\n\t\t\t\t\t<\/a>\n\t\t\t\t\t\t\t\t<\/div>\n\t\t\t\t<\/div>\n\t\t<div class=\"elementor-element elementor-element-4ea89dd e-con-full e-flex e-con e-child\" data-id=\"4ea89dd\" data-element_type=\"container\" data-e-type=\"container\" data-settings=\"{&quot;background_background&quot;:&quot;classic&quot;}\">\n\t\t\t\t<div class=\"elementor-element elementor-element-b147045 weight-font elementor-position-top elementor-widget elementor-widget-image-box\" data-id=\"b147045\" data-element_type=\"widget\" data-e-type=\"widget\" data-widget_type=\"image-box.default\">\n\t\t\t\t\t<div class=\"elementor-image-box-wrapper\"><figure class=\"elementor-image-box-img\"><img loading=\"lazy\" decoding=\"async\" width=\"48\" height=\"48\" src=\"https:\/\/fxtrendo.com\/wp-content\/uploads\/2025\/04\/Email.png\" class=\"attachment-full size-full wp-image-59846\" alt=\"\" \/><\/figure><div class=\"elementor-image-box-content\"><h3 class=\"elementor-image-box-title\">Correo electr\u00f3nico al equipo de soporte<\/h3><p class=\"elementor-image-box-description\">Puedes enviar tus preguntas, solicitudes o incidencias al equipo de soporte de Trendo en cualquier momento a <a href=\"mailto:support@fxtrendo.com\" class=\"bg-cl\">[support@fxtrendo.com](mailto:support@fxtrendo.com)<\/a>.\nEl tiempo promedio de respuesta del equipo de soporte es de 4 horas.<\/p><\/div><\/div>\t\t\t\t<\/div>\n\t\t\t\t<div class=\"elementor-element elementor-element-6f7b63a elementor-align-justify elementor-widget__width-initial elementor-widget elementor-widget-button\" data-id=\"6f7b63a\" data-element_type=\"widget\" data-e-type=\"widget\" data-widget_type=\"button.default\">\n\t\t\t\t\t\t\t\t\t\t<a class=\"elementor-button elementor-button-link elementor-size-sm\" href=\"mailto:support@fxtrendo.com\">\n\t\t\t\t\t\t<span class=\"elementor-button-content-wrapper\">\n\t\t\t\t\t\t\t\t\t<span class=\"elementor-button-text\">Enviar correo electr\u00f3nico<\/span>\n\t\t\t\t\t<\/span>\n\t\t\t\t\t<\/a>\n\t\t\t\t\t\t\t\t<\/div>\n\t\t\t\t<\/div>\n\t\t\t\t\t<\/div>\n\t\t\t\t<\/div>\n\t\t<div class=\"elementor-element elementor-element-32fa0b7 elementor-hidden-desktop elementor-hidden-tablet e-flex e-con-boxed e-con e-parent\" data-id=\"32fa0b7\" data-element_type=\"container\" data-e-type=\"container\">\n\t\t\t\t\t<div class=\"e-con-inner\">\n\t\t\t\t<div class=\"elementor-element elementor-element-b721cda elementor-widget__width-inherit elementor-absolute elementor-widget elementor-widget-image\" data-id=\"b721cda\" data-element_type=\"widget\" data-e-type=\"widget\" data-settings=\"{&quot;_position&quot;:&quot;absolute&quot;}\" data-widget_type=\"image.default\">\n\t\t\t\t\t\t\t\t\t\t\t\t\t\t\t<img loading=\"lazy\" decoding=\"async\" width=\"412\" height=\"1146\" src=\"https:\/\/fxtrendo.com\/wp-content\/uploads\/2025\/04\/Ellipse-32.svg\" class=\"attachment-full size-full wp-image-59614\" alt=\"\" \/>\t\t\t\t\t\t\t\t\t\t\t\t\t\t\t<\/div>\n\t\t\t\t\t<\/div>\n\t\t\t\t<\/div>\n\t\t<div class=\"elementor-element elementor-element-ad4eebd elementor-hidden-mobile e-flex e-con-boxed e-con e-parent\" data-id=\"ad4eebd\" data-element_type=\"container\" data-e-type=\"container\">\n\t\t\t\t\t<div class=\"e-con-inner\">\n\t\t\t\t<div class=\"elementor-element elementor-element-9f35b7a elementor-widget__width-inherit elementor-absolute elementor-widget elementor-widget-image\" data-id=\"9f35b7a\" data-element_type=\"widget\" data-e-type=\"widget\" data-settings=\"{&quot;_position&quot;:&quot;absolute&quot;}\" data-widget_type=\"image.default\">\n\t\t\t\t\t\t\t\t\t\t\t\t\t\t\t<img loading=\"lazy\" decoding=\"async\" width=\"1020\" height=\"1146\" src=\"https:\/\/fxtrendo.com\/wp-content\/uploads\/2025\/04\/Ellipse-28.svg\" class=\"attachment-full size-full wp-image-59847\" alt=\"\" \/>\t\t\t\t\t\t\t\t\t\t\t\t\t\t\t<\/div>\n\t\t\t\t\t<\/div>\n\t\t\t\t<\/div>\n\t\t<div class=\"elementor-element elementor-element-f25c434 elementor-hidden-desktop elementor-hidden-tablet elementor-hidden-mobile e-flex e-con-boxed e-con e-parent\" data-id=\"f25c434\" data-element_type=\"container\" data-e-type=\"container\">\n\t\t\t\t\t<div class=\"e-con-inner\">\n\t\t\t\t<div class=\"elementor-element elementor-element-d633132 elementor-widget elementor-widget-heading\" data-id=\"d633132\" data-element_type=\"widget\" data-e-type=\"widget\" data-widget_type=\"heading.default\">\n\t\t\t\t\t<h2 class=\"elementor-heading-title elementor-size-default\">Contact us today<\/h2>\t\t\t\t<\/div>\n\t\t\t\t<div class=\"elementor-element elementor-element-119726d elementor-widget__width-initial elementor-widget elementor-widget-text-editor\" data-id=\"119726d\" data-element_type=\"widget\" data-e-type=\"widget\" data-widget_type=\"text-editor.default\">\n\t\t\t\t\t\t\t\t\t<p>Use the form below to submit your contact info and message. Trendo experts will review your request and respond as soon as possible.<\/p>\n\t\t\t\t\t\t\t\t<\/div>\n\t\t<div class=\"elementor-element elementor-element-577ed5c e-con-full bolor-back e-flex e-con e-child\" data-id=\"577ed5c\" data-element_type=\"container\" data-e-type=\"container\">\n\t\t\t\t<div class=\"elementor-element elementor-element-f06acd4 elementor-widget__width-initial short-form-contact elementor-widget elementor-widget-shortcode\" data-id=\"f06acd4\" data-element_type=\"widget\" data-e-type=\"widget\" data-widget_type=\"shortcode.default\">\n\t\t\t\t\t\t\t<div class=\"elementor-shortcode\">[gravityform id=\"1\" title=\"false\" ajax=\"true\"]<\/div>\n\t\t\t\t\t\t<\/div>\n\t\t\t\t<\/div>\n\t\t\t\t\t<\/div>\n\t\t\t\t<\/div>\n\t\t<div class=\"elementor-element elementor-element-3115688 elementor-hidden-mobile e-flex e-con-boxed e-con e-parent\" data-id=\"3115688\" data-element_type=\"container\" data-e-type=\"container\">\n\t\t\t\t\t<div class=\"e-con-inner\">\n\t\t\t\t<div class=\"elementor-element elementor-element-1c20837 elementor-widget__width-inherit elementor-absolute elementor-widget elementor-widget-image\" data-id=\"1c20837\" data-element_type=\"widget\" data-e-type=\"widget\" data-settings=\"{&quot;_position&quot;:&quot;absolute&quot;}\" data-widget_type=\"image.default\">\n\t\t\t\t\t\t\t\t\t\t\t\t\t\t\t<img loading=\"lazy\" decoding=\"async\" width=\"660\" height=\"1146\" src=\"https:\/\/fxtrendo.com\/wp-content\/uploads\/2025\/04\/Ellipse-30.svg\" class=\"attachment-full size-full wp-image-59848\" alt=\"\" \/>\t\t\t\t\t\t\t\t\t\t\t\t\t\t\t<\/div>\n\t\t\t\t\t<\/div>\n\t\t\t\t<\/div>\n\t\t<div class=\"elementor-element elementor-element-e83fbbe e-flex e-con-boxed e-con e-parent\" data-id=\"e83fbbe\" data-element_type=\"container\" data-e-type=\"container\">\n\t\t\t\t\t<div class=\"e-con-inner\">\n\t\t\t\t<div class=\"elementor-element elementor-element-0fc9d28 elementor-widget elementor-widget-heading\" data-id=\"0fc9d28\" data-element_type=\"widget\" data-e-type=\"widget\" data-widget_type=\"heading.default\">\n\t\t\t\t\t<h2 class=\"elementor-heading-title elementor-size-default\">Preguntas frecuentes<\/h2>\t\t\t\t<\/div>\n\t\t\t\t<div class=\"elementor-element elementor-element-9c4509d elementor-widget__width-initial elementor-widget elementor-widget-text-editor\" data-id=\"9c4509d\" data-element_type=\"widget\" data-e-type=\"widget\" data-widget_type=\"text-editor.default\">\n\t\t\t\t\t\t\t\t\t<p>Aqu\u00ed encontrar\u00e1s respuestas a preguntas frecuentes sobre los servicios y funcionalidades de Trendo.<br \/>Si tienes alguna otra consulta, nuestro equipo de soporte siempre est\u00e1 aqu\u00ed para ayudarte.<\/p>\t\t\t\t\t\t\t\t<\/div>\n\t\t\t\t\t<\/div>\n\t\t\t\t<\/div>\n\t\t<div class=\"elementor-element elementor-element-dfbd244 e-flex e-con-boxed e-con e-parent\" data-id=\"dfbd244\" data-element_type=\"container\" data-e-type=\"container\">\n\t\t\t\t\t<div class=\"e-con-inner\">\n\t\t<div class=\"elementor-element elementor-element-0bf44ef e-con-full e-flex e-con e-child\" data-id=\"0bf44ef\" data-element_type=\"container\" data-e-type=\"container\">\n\t\t<div class=\"elementor-element elementor-element-1aa177d e-con-full e-flex e-con e-child\" data-id=\"1aa177d\" data-element_type=\"container\" data-e-type=\"container\" data-settings=\"{&quot;background_background&quot;:&quot;classic&quot;}\">\n\t\t\t\t<div class=\"elementor-element elementor-element-faf9660 elementor-widget elementor-widget-heading\" data-id=\"faf9660\" data-element_type=\"widget\" data-e-type=\"widget\" data-widget_type=\"heading.default\">\n\t\t\t\t\t<span class=\"elementor-heading-title elementor-size-default\">\u00bfQu\u00e9 m\u00e9todos de pago admite <br> Trendo para los retiros?<\/span>\t\t\t\t<\/div>\n\t\t\t\t<div class=\"elementor-element elementor-element-35c84f5 elementor-widget__width-initial elementor-widget elementor-widget-text-editor\" data-id=\"35c84f5\" data-element_type=\"widget\" data-e-type=\"widget\" data-widget_type=\"text-editor.default\">\n\t\t\t\t\t\t\t\t\t<div class=\"flex max-w-full flex-col gap-4 grow\"><div class=\"min-h-8 text-message relative flex w-full flex-col items-end gap-2 text-start break-words whitespace-normal outline-none keyboard-focused:focus-ring [.text-message+&amp;]:mt-1\" dir=\"auto\" tabindex=\"0\" data-message-author-role=\"assistant\" data-message-id=\"3306de21-5284-4510-b2ae-d823f8478c9d\" data-message-model-slug=\"gpt-5-3\" data-turn-start-message=\"true\"><div class=\"flex w-full flex-col gap-1 empty:hidden\"><div class=\"markdown prose dark:prose-invert w-full wrap-break-word light markdown-new-styling\"><p data-start=\"0\" data-end=\"129\" data-is-last-node=\"\" data-is-only-node=\"\">En Trendo Broker, puedes retirar fondos de tu cuenta de trading mediante criptomonedas y otros m\u00e9todos de pago r\u00e1pidos y seguros.<\/p><\/div><\/div><\/div><\/div>\t\t\t\t\t\t\t\t<\/div>\n\t\t\t\t<\/div>\n\t\t<div class=\"elementor-element elementor-element-e2963be e-con-full e-flex e-con e-child\" data-id=\"e2963be\" data-element_type=\"container\" data-e-type=\"container\" data-settings=\"{&quot;background_background&quot;:&quot;classic&quot;}\">\n\t\t\t\t<div class=\"elementor-element elementor-element-3d4aa56 elementor-widget elementor-widget-heading\" data-id=\"3d4aa56\" data-element_type=\"widget\" data-e-type=\"widget\" data-widget_type=\"heading.default\">\n\t\t\t\t\t<span class=\"elementor-heading-title elementor-size-default\">\u00bfCu\u00e1ntos tipos de cuentas ofrece Trendo?<\/span>\t\t\t\t<\/div>\n\t\t\t\t<div class=\"elementor-element elementor-element-d9cefaf elementor-widget__width-initial elementor-widget elementor-widget-text-editor\" data-id=\"d9cefaf\" data-element_type=\"widget\" data-e-type=\"widget\" data-widget_type=\"text-editor.default\">\n\t\t\t\t\t\t\t\t\t<p>Trendo ofrece seis tipos de cuentas de trading\u2014Real, Demo, Wallet, Bonus, PAMM y CopyTrade. Todas son cuentas ECN y ofrecen condiciones de trading profesionales de primer nivel.<\/p>\t\t\t\t\t\t\t\t<\/div>\n\t\t\t\t<\/div>\n\t\t\t\t<\/div>\n\t\t<div class=\"elementor-element elementor-element-e5a3e07 e-con-full e-flex e-con e-child\" data-id=\"e5a3e07\" data-element_type=\"container\" data-e-type=\"container\">\n\t\t<div class=\"elementor-element elementor-element-fc8c99f e-con-full e-flex e-con e-child\" data-id=\"fc8c99f\" data-element_type=\"container\" data-e-type=\"container\" data-settings=\"{&quot;background_background&quot;:&quot;classic&quot;}\">\n\t\t\t\t<div class=\"elementor-element elementor-element-301cd5d elementor-widget elementor-widget-heading\" data-id=\"301cd5d\" data-element_type=\"widget\" data-e-type=\"widget\" data-widget_type=\"heading.default\">\n\t\t\t\t\t<span class=\"elementor-heading-title elementor-size-default\">\u00bfC\u00f3mo retirar bonos?<\/span>\t\t\t\t<\/div>\n\t\t\t\t<div class=\"elementor-element elementor-element-bbd81d2 elementor-widget__width-initial elementor-widget elementor-widget-text-editor\" data-id=\"bbd81d2\" data-element_type=\"widget\" data-e-type=\"widget\" data-widget_type=\"text-editor.default\">\n\t\t\t\t\t\t\t\t\t<p>Para retirar los bonos de Trendo\u2014especialmente el bono de $100\u2014debes cumplir con sus t\u00e9rminos y requisitos. Visita la <a href=\"https:\/\/fxtrendo.com\/welcome-bonus\/\">p\u00e1gina de bonos<\/a> para conocer todos los detalles.<\/p>\t\t\t\t\t\t\t\t<\/div>\n\t\t\t\t<\/div>\n\t\t<div class=\"elementor-element elementor-element-3ad8019 e-con-full e-flex e-con e-child\" data-id=\"3ad8019\" data-element_type=\"container\" data-e-type=\"container\" data-settings=\"{&quot;background_background&quot;:&quot;classic&quot;}\">\n\t\t\t\t<div class=\"elementor-element elementor-element-34d0f39 elementor-widget elementor-widget-heading\" data-id=\"34d0f39\" data-element_type=\"widget\" data-e-type=\"widget\" data-widget_type=\"heading.default\">\n\t\t\t\t\t<span class=\"elementor-heading-title elementor-size-default\">\u00bfC\u00f3mo puedo restablecer mi contrase\u00f1a en Trendo?<\/span>\t\t\t\t<\/div>\n\t\t\t\t<div class=\"elementor-element elementor-element-113596c elementor-widget__width-initial elementor-widget elementor-widget-text-editor\" data-id=\"113596c\" data-element_type=\"widget\" data-e-type=\"widget\" data-widget_type=\"text-editor.default\">\n\t\t\t\t\t\t\t\t\t<p>Cierra sesi\u00f3n en tu cuenta, selecciona \u201cSign Up \/ Log In\u201d y haz clic en \u201cForgot Password\u201d. Se te enviar\u00e1 un enlace de restablecimiento a tu correo electr\u00f3nico.<\/p>\t\t\t\t\t\t\t\t<\/div>\n\t\t\t\t<\/div>\n\t\t\t\t<\/div>\n\t\t\t\t\t<\/div>\n\t\t\t\t<\/div>\n\t\t<div class=\"elementor-element elementor-element-27c7a0f e-flex e-con-boxed e-con e-parent\" data-id=\"27c7a0f\" data-element_type=\"container\" data-e-type=\"container\">\n\t\t\t\t\t<div class=\"e-con-inner\">\n\t\t\t\t<div class=\"elementor-element elementor-element-ac01e59 elementor-widget elementor-widget-heading\" data-id=\"ac01e59\" data-element_type=\"widget\" data-e-type=\"widget\" data-widget_type=\"heading.default\">\n\t\t\t\t\t<h2 class=\"elementor-heading-title elementor-size-default\">Direcci\u00f3n y n\u00famero de contacto<\/h2>\t\t\t\t<\/div>\n\t\t<div class=\"elementor-element elementor-element-a2674c4 e-con-full e-flex e-con e-child\" data-id=\"a2674c4\" data-element_type=\"container\" data-e-type=\"container\">\n\t\t\t\t<div class=\"elementor-element elementor-element-f9a5a60 elementor-widget elementor-widget-text-editor\" data-id=\"f9a5a60\" data-element_type=\"widget\" data-e-type=\"widget\" data-widget_type=\"text-editor.default\">\n\t\t\t\t\t\t\t\t\t<h3 data-start=\"61\" data-end=\"191\">Armenia:<\/h3><p data-start=\"61\" data-end=\"191\">N.\u00ba 10, calle Leningradian, Unidad 5, distrito Malatia\u2013Sebastia, Erev\u00e1n, Armenia.<\/p><h3 data-start=\"320\" data-end=\"359\">Tel\u00e9fono \u2013 WhatsApp:<\/h3><p data-start=\"320\" data-end=\"359\" data-is-last-node=\"\" data-is-only-node=\"\">+971505007021<\/p>\t\t\t\t\t\t\t\t<\/div>\n\t\t\t\t<\/div>\n\t\t\t\t\t<\/div>\n\t\t\t\t<\/div>\n\t\t\t\t<\/div>\n\t\t","protected":false},"excerpt":{"rendered":"<p>Contactar con el soporte de Trendo Los traders pueden contactar con el equipo de soporte de Trendo 24\/7 todos los d\u00edas a trav\u00e9s de diversos m\u00e9todos, incluso en d\u00edas festivos. En Trendo, el soporte es m\u00e1s que un servicio: es nuestro compromiso de ofrecer un servicio de calidad. Nuestro equipo disponible 24\/7 est\u00e1 listo para [&hellip;]<\/p>\n","protected":false},"author":9,"featured_media":59849,"parent":0,"menu_order":0,"comment_status":"closed","ping_status":"closed","template":"","meta":{"_acf_changed":false,"inline_featured_image":false,"fxtrendo_post_editor":0,"footnotes":""},"class_list":["post-59852","page","type-page","status-publish","has-post-thumbnail","hentry"],"acf":[],"fxtrendo_editor":0,"_links":{"self":[{"href":"https:\/\/fxtrendo.com\/es\/wp-json\/wp\/v2\/pages\/59852","targetHints":{"allow":["GET"]}}],"collection":[{"href":"https:\/\/fxtrendo.com\/es\/wp-json\/wp\/v2\/pages"}],"about":[{"href":"https:\/\/fxtrendo.com\/es\/wp-json\/wp\/v2\/types\/page"}],"author":[{"embeddable":true,"href":"https:\/\/fxtrendo.com\/es\/wp-json\/wp\/v2\/users\/9"}],"replies":[{"embeddable":true,"href":"https:\/\/fxtrendo.com\/es\/wp-json\/wp\/v2\/comments?post=59852"}],"version-history":[{"count":6,"href":"https:\/\/fxtrendo.com\/es\/wp-json\/wp\/v2\/pages\/59852\/revisions"}],"predecessor-version":[{"id":60157,"href":"https:\/\/fxtrendo.com\/es\/wp-json\/wp\/v2\/pages\/59852\/revisions\/60157"}],"wp:featuredmedia":[{"embeddable":true,"href":"https:\/\/fxtrendo.com\/es\/wp-json\/wp\/v2\/media\/59849"}],"wp:attachment":[{"href":"https:\/\/fxtrendo.com\/es\/wp-json\/wp\/v2\/media?parent=59852"}],"curies":[{"name":"wp","href":"https:\/\/api.w.org\/{rel}","templated":true}]}}