{"id":60213,"date":"2026-03-31T11:25:49","date_gmt":"2026-03-31T11:25:49","guid":{"rendered":"https:\/\/fxtrendo.com\/?page_id=60213"},"modified":"2026-04-13T11:17:16","modified_gmt":"2026-04-13T11:17:16","slug":"terms-and-conditions","status":"publish","type":"page","link":"https:\/\/fxtrendo.com\/es\/terms-and-conditions\/","title":{"rendered":"T\u00e9rminos y Condiciones"},"content":{"rendered":"\t\t<div data-elementor-type=\"wp-page\" data-elementor-id=\"60213\" class=\"elementor elementor-60213 elementor-58111\" data-elementor-post-type=\"page\">\n\t\t\t\t<div class=\"elementor-element elementor-element-67f3328 e-flex e-con-boxed e-con e-parent\" data-id=\"67f3328\" data-element_type=\"container\" data-e-type=\"container\" data-settings=\"{&quot;background_background&quot;:&quot;classic&quot;}\">\n\t\t\t\t\t<div class=\"e-con-inner\">\n\t\t<div class=\"elementor-element elementor-element-8ccd335 e-con-full e-flex e-con e-child\" data-id=\"8ccd335\" data-element_type=\"container\" data-e-type=\"container\">\n\t\t\t\t<div class=\"elementor-element elementor-element-f85d042 elementor-widget elementor-widget-heading\" data-id=\"f85d042\" data-element_type=\"widget\" data-e-type=\"widget\" data-widget_type=\"heading.default\">\n\t\t\t\t\t<h1 class=\"elementor-heading-title elementor-size-default\">T\u00e9rminos y condiciones de Trendo<\/h1>\t\t\t\t<\/div>\n\t\t\t\t<div class=\"elementor-element elementor-element-3ce97a9 elementor-widget elementor-widget-heading\" data-id=\"3ce97a9\" data-element_type=\"widget\" data-e-type=\"widget\" data-widget_type=\"heading.default\">\n\t\t\t\t\t<span class=\"elementor-heading-title elementor-size-default\">Definimos reglas claras para proteger tus derechos, tus fondos y tu actividad de trading, y las aplicamos de forma consistente en todos los servicios. Debes revisar detenidamente los T\u00e9rminos y Condiciones completos antes de utilizar la plataforma o abrir una cuenta.\n<\/span>\t\t\t\t<\/div>\n\t\t\t\t<div class=\"elementor-element elementor-element-f4bbc13 elementor-widget elementor-widget-heading\" data-id=\"f4bbc13\" data-element_type=\"widget\" data-e-type=\"widget\" data-widget_type=\"heading.default\">\n\t\t\t\t\t<span class=\"elementor-heading-title elementor-size-default\">\u00daltima actualizaci\u00f3n: 08.04.2026\n<\/span>\t\t\t\t<\/div>\n\t\t\t\t<\/div>\n\t\t<div class=\"elementor-element elementor-element-cc45f6c e-con-full e-flex e-con e-child\" data-id=\"cc45f6c\" data-element_type=\"container\" data-e-type=\"container\">\n\t\t\t\t<div class=\"elementor-element elementor-element-30d130d elementor-widget elementor-widget-image\" data-id=\"30d130d\" data-element_type=\"widget\" data-e-type=\"widget\" data-widget_type=\"image.default\">\n\t\t\t\t\t\t\t\t\t\t\t\t\t\t\t<img fetchpriority=\"high\" decoding=\"async\" width=\"563\" height=\"730\" src=\"https:\/\/fxtrendo.com\/wp-content\/uploads\/2025\/06\/privacy-policy2-1.png\" class=\"attachment-full size-full wp-image-59394\" alt=\"\" srcset=\"https:\/\/fxtrendo.com\/wp-content\/uploads\/2025\/06\/privacy-policy2-1.png 563w, https:\/\/fxtrendo.com\/wp-content\/uploads\/2025\/06\/privacy-policy2-1-231x300.png 231w\" sizes=\"(max-width: 563px) 100vw, 563px\" \/>\t\t\t\t\t\t\t\t\t\t\t\t\t\t\t<\/div>\n\t\t\t\t<\/div>\n\t\t\t\t\t<\/div>\n\t\t\t\t<\/div>\n\t\t<div class=\"elementor-element elementor-element-f29c17d e-flex e-con-boxed e-con e-parent\" data-id=\"f29c17d\" data-element_type=\"container\" data-e-type=\"container\">\n\t\t\t\t\t<div class=\"e-con-inner\">\n\t\t\t\t<div class=\"elementor-element elementor-element-391a9ae elementor-widget elementor-widget-text-editor\" data-id=\"391a9ae\" data-element_type=\"widget\" data-e-type=\"widget\" data-widget_type=\"text-editor.default\">\n\t\t\t\t\t\t\t\t\t<p>Antes de utilizar la plataforma de trading de Trendo, necesitas comprender las normas que rigen tu cuenta, tus fondos y tu actividad de trading. Estos T\u00e9rminos y Condiciones constituyen un acuerdo legalmente vinculante entre t\u00fa y Trendo y definen el funcionamiento de la plataforma, incluida la ejecuci\u00f3n de operaciones, dep\u00f3sitos y retiros, gesti\u00f3n de riesgos y seguridad de la cuenta.<\/p><p>Trendo opera como un br\u00f3ker de solo ejecuci\u00f3n, lo que significa que eres totalmente responsable de tus decisiones de trading y de tu exposici\u00f3n al riesgo. Este documento describe todas las pol\u00edticas clave, incluidos los requisitos de cumplimiento, condiciones de apalancamiento, ejecuci\u00f3n de \u00f3rdenes y protecci\u00f3n de fondos de clientes. Debes revisar este documento detenidamente para garantizar la m\u00e1xima transparencia y evitar malentendidos al utilizar la plataforma.<\/p>\t\t\t\t\t\t\t\t<\/div>\n\t\t\t\t\t<\/div>\n\t\t\t\t<\/div>\n\t\t<div class=\"elementor-element elementor-element-ecdb857 e-flex e-con-boxed e-con e-parent\" data-id=\"ecdb857\" data-element_type=\"container\" data-e-type=\"container\">\n\t\t\t\t\t<div class=\"e-con-inner\">\n\t\t\t\t<div class=\"elementor-element elementor-element-a237d2f elementor-align-center elementor-mobile-align-center cutomicon elementor-widget elementor-widget-button\" data-id=\"a237d2f\" data-element_type=\"widget\" data-e-type=\"widget\" data-widget_type=\"button.default\">\n\t\t\t\t\t\t\t\t\t\t<a class=\"elementor-button elementor-button-link elementor-size-sm\" href=\"https:\/\/fxtrendo.com\/wp-content\/uploads\/2026\/04\/Trendo-Terms-Conditions-English.pdf\" target=\"_blank\">\n\t\t\t\t\t\t<span class=\"elementor-button-content-wrapper\">\n\t\t\t\t\t\t<span class=\"elementor-button-icon\">\n\t\t\t\t<svg xmlns=\"http:\/\/www.w3.org\/2000\/svg\" width=\"24\" height=\"24\" viewBox=\"0 0 24 24\" fill=\"none\"><g id=\"vuesax\/outline\/arrow-right\"><g id=\"arrow-right\"><path id=\"Vector\" d=\"M14.4291 18.8201C14.2391 18.8201 14.0491 18.7501 13.8991 18.6001C13.6091 18.3101 13.6091 17.8301 13.8991 17.5401L19.4391 12.0001L13.8991 6.46012C13.6091 6.17012 13.6091 5.69012 13.8991 5.40012C14.1891 5.11012 14.6691 5.11012 14.9591 5.40012L21.0291 11.4701C21.3191 11.7601 21.3191 12.2401 21.0291 12.5301L14.9591 18.6001C14.8091 18.7501 14.6191 18.8201 14.4291 18.8201Z\" fill=\"white\"><\/path><path id=\"Vector_2\" d=\"M20.33 12.75H3.5C3.09 12.75 2.75 12.41 2.75 12C2.75 11.59 3.09 11.25 3.5 11.25H20.33C20.74 11.25 21.08 11.59 21.08 12C21.08 12.41 20.74 12.75 20.33 12.75Z\" fill=\"white\"><\/path><\/g><\/g><\/svg>\t\t\t<\/span>\n\t\t\t\t\t\t\t\t\t<span class=\"elementor-button-text\">Descargar los T\u00e9rminos y Condiciones completos<\/span>\n\t\t\t\t\t<\/span>\n\t\t\t\t\t<\/a>\n\t\t\t\t\t\t\t\t<\/div>\n\t\t\t\t\t<\/div>\n\t\t\t\t<\/div>\n\t\t<div class=\"elementor-element elementor-element-955d18d e-flex e-con-boxed e-con e-parent\" data-id=\"955d18d\" data-element_type=\"container\" data-e-type=\"container\" data-settings=\"{&quot;background_background&quot;:&quot;classic&quot;}\">\n\t\t\t\t\t<div class=\"e-con-inner\">\n\t\t\t\t<div class=\"elementor-element elementor-element-06ef6f7 elementor-widget__width-inherit elementor-widget elementor-widget-heading\" data-id=\"06ef6f7\" data-element_type=\"widget\" data-e-type=\"widget\" data-widget_type=\"heading.default\">\n\t\t\t\t\t<h2 class=\"elementor-heading-title elementor-size-default\">Comienza a operar en un entorno seguro y <br>\nde confianza\n<\/h2>\t\t\t\t<\/div>\n\t\t\t\t<div class=\"elementor-element elementor-element-b1712e4 elementor-widget__width-initial elementor-widget elementor-widget-heading\" data-id=\"b1712e4\" data-element_type=\"widget\" data-e-type=\"widget\" data-widget_type=\"heading.default\">\n\t\t\t\t\t<span class=\"elementor-heading-title elementor-size-default\">Una vez completada tu verificaci\u00f3n, podr\u00e1s financiar tu cuenta y comenzar a operar en los mercados financieros globales a trav\u00e9s de la plataforma exclusiva de Trendo.<\/span>\t\t\t\t<\/div>\n\t\t\t\t<div class=\"elementor-element elementor-element-0ecb157 elementor-widget__width-initial elementor-widget-mobile__width-inherit elementor-widget elementor-widget-shortcode\" data-id=\"0ecb157\" data-element_type=\"widget\" data-e-type=\"widget\" data-widget_type=\"shortcode.default\">\n\t\t\t\t\t\t\t<div class=\"elementor-shortcode\">    <form id=\"fxForm_1\" class=\"custom-email-form\">\n        <input\n            type=\"email\"\n            id=\"fxEmail_1\"\n            name=\"email\"\n            placeholder=\"Email address\"\n            required\n        >\n        <button\n            type=\"button\"\n            onclick=\"redirectToSignUp('fxForm_1','fxEmail_1','fxLoader_1')\"\n        >\n            Sign up            <img decoding=\"async\" src=\"https:\/\/fxtrendo.com\/wp-content\/uploads\/2025\/04\/Arrow-right-2.svg\" alt=\"\">\n        <\/button>\n        <div id=\"fxLoader_1\" class=\"email-loader\" style=\"display: none;\"><\/div>\n    <\/form>\n\n    <script>\n    function redirectToSignUp(formId, inputId, loaderId) {\n        const form   = document.getElementById(formId);\n        const input  = document.getElementById(inputId);\n        const loader = document.getElementById(loaderId);\n\n        if (!form.reportValidity()) return;\n\n        loader.style.display = 'block';\n\n        const userEmail = input.value;\n        sessionStorage.setItem('temp_login_email', userEmail);\n        window.location.href = 'https:\/\/fxtrendo.com\/platforms\/web\/';\n    }\n    <\/script>\n    <\/div>\n\t\t\t\t\t\t<\/div>\n\t\t\t\t\t<\/div>\n\t\t\t\t<\/div>\n\t\t\t\t<\/div>\n\t\t","protected":false},"excerpt":{"rendered":"<p>T\u00e9rminos y condiciones de Trendo Definimos reglas claras para proteger tus derechos, tus fondos y tu actividad de trading, y las aplicamos de forma consistente en todos los servicios. Debes revisar detenidamente los T\u00e9rminos y Condiciones completos antes de utilizar la plataforma o abrir una cuenta. \u00daltima actualizaci\u00f3n: 08.04.2026 Antes de utilizar la plataforma de [&hellip;]<\/p>\n","protected":false},"author":26,"featured_media":59394,"parent":0,"menu_order":0,"comment_status":"closed","ping_status":"closed","template":"","meta":{"_acf_changed":false,"inline_featured_image":false,"fxtrendo_post_editor":0,"footnotes":""},"class_list":["post-60213","page","type-page","status-publish","has-post-thumbnail","hentry"],"acf":[],"fxtrendo_editor":0,"_links":{"self":[{"href":"https:\/\/fxtrendo.com\/es\/wp-json\/wp\/v2\/pages\/60213","targetHints":{"allow":["GET"]}}],"collection":[{"href":"https:\/\/fxtrendo.com\/es\/wp-json\/wp\/v2\/pages"}],"about":[{"href":"https:\/\/fxtrendo.com\/es\/wp-json\/wp\/v2\/types\/page"}],"author":[{"embeddable":true,"href":"https:\/\/fxtrendo.com\/es\/wp-json\/wp\/v2\/users\/26"}],"replies":[{"embeddable":true,"href":"https:\/\/fxtrendo.com\/es\/wp-json\/wp\/v2\/comments?post=60213"}],"version-history":[{"count":5,"href":"https:\/\/fxtrendo.com\/es\/wp-json\/wp\/v2\/pages\/60213\/revisions"}],"predecessor-version":[{"id":60247,"href":"https:\/\/fxtrendo.com\/es\/wp-json\/wp\/v2\/pages\/60213\/revisions\/60247"}],"wp:featuredmedia":[{"embeddable":true,"href":"https:\/\/fxtrendo.com\/es\/wp-json\/wp\/v2\/media\/59394"}],"wp:attachment":[{"href":"https:\/\/fxtrendo.com\/es\/wp-json\/wp\/v2\/media?parent=60213"}],"curies":[{"name":"wp","href":"https:\/\/api.w.org\/{rel}","templated":true}]}}