{"id":12391,"date":"2025-07-08T13:39:28","date_gmt":"2025-07-08T13:39:28","guid":{"rendered":"https:\/\/fxtrendo.com\/?page_id=12391"},"modified":"2026-01-08T08:38:46","modified_gmt":"2026-01-08T08:38:46","slug":"contact-us","status":"publish","type":"page","link":"https:\/\/fxtrendo.com\/fr\/contact-us\/","title":{"rendered":"contact us"},"content":{"rendered":"\t\t<div data-elementor-type=\"wp-page\" data-elementor-id=\"12391\" class=\"elementor elementor-12391 elementor-12304\" data-elementor-post-type=\"page\">\n\t\t\t\t<div class=\"elementor-element elementor-element-57020f08 e-flex e-con-boxed e-con e-parent\" data-id=\"57020f08\" data-element_type=\"container\" data-e-type=\"container\" data-settings=\"{&quot;background_background&quot;:&quot;classic&quot;}\">\n\t\t\t\t\t<div class=\"e-con-inner\">\n\t\t<div class=\"elementor-element elementor-element-6a2f3571 e-con-full e-flex e-con e-child\" data-id=\"6a2f3571\" data-element_type=\"container\" data-e-type=\"container\" data-settings=\"{&quot;background_background&quot;:&quot;classic&quot;}\">\n\t\t\t\t<div class=\"elementor-element elementor-element-4782034f elementor-widget elementor-widget-heading\" data-id=\"4782034f\" data-element_type=\"widget\" data-e-type=\"widget\" data-widget_type=\"heading.default\">\n\t\t\t\t\t<h1 class=\"elementor-heading-title elementor-size-default\">Contacter le support Trendo<\/h1>\t\t\t\t<\/div>\n\t\t\t\t<div class=\"elementor-element elementor-element-166d69b6 elementor-widget elementor-widget-heading\" data-id=\"166d69b6\" data-element_type=\"widget\" data-e-type=\"widget\" data-widget_type=\"heading.default\">\n\t\t\t\t\t<span class=\"elementor-heading-title elementor-size-default\">Les traders peuvent contacter l\u2019\u00e9quipe d\u2019assistance Trendo 24h\/24 et 7j\/7, y compris les jours f\u00e9ri\u00e9s, par diff\u00e9rents moyens.<\/span>\t\t\t\t<\/div>\n\t\t\t\t<div class=\"elementor-element elementor-element-1a39c77 elementor-widget__width-initial elementor-widget elementor-widget-text-editor\" data-id=\"1a39c77\" data-element_type=\"widget\" data-e-type=\"widget\" data-widget_type=\"text-editor.default\">\n\t\t\t\t\t\t\t\t\t<p>Chez Trendo, le support ne se limite pas \u00e0 un simple service \u2014 c\u2019est un engagement envers la qualit\u00e9. Notre \u00e9quipe est disponible \u00e0 tout moment pour r\u00e9pondre \u00e0 vos questions, vous guider et vous accompagner dans vos besoins de trading.<\/p>\t\t\t\t\t\t\t\t<\/div>\n\t\t\t\t<\/div>\n\t\t\t\t\t<\/div>\n\t\t\t\t<\/div>\n\t\t<div class=\"elementor-element elementor-element-3bc78cc0 elementor-hidden-desktop elementor-hidden-tablet e-flex e-con-boxed e-con e-parent\" data-id=\"3bc78cc0\" data-element_type=\"container\" data-e-type=\"container\">\n\t\t\t\t\t<div class=\"e-con-inner\">\n\t\t\t\t<div class=\"elementor-element elementor-element-496024f7 elementor-widget__width-inherit elementor-absolute elementor-widget elementor-widget-image\" data-id=\"496024f7\" data-element_type=\"widget\" data-e-type=\"widget\" data-settings=\"{&quot;_position&quot;:&quot;absolute&quot;}\" data-widget_type=\"image.default\">\n\t\t\t\t\t\t\t\t\t\t\t\t\t\t\t<img fetchpriority=\"high\" decoding=\"async\" width=\"412\" height=\"1146\" src=\"https:\/\/fxtrendo.com\/wp-content\/uploads\/2025\/04\/Ellipse-33.svg\" class=\"attachment-full size-full wp-image-7109\" alt=\"\" \/>\t\t\t\t\t\t\t\t\t\t\t\t\t\t\t<\/div>\n\t\t\t\t\t<\/div>\n\t\t\t\t<\/div>\n\t\t<div class=\"elementor-element elementor-element-2d603658 e-flex e-con-boxed e-con e-parent\" data-id=\"2d603658\" data-element_type=\"container\" data-e-type=\"container\">\n\t\t\t\t\t<div class=\"e-con-inner\">\n\t\t\t\t<div class=\"elementor-element elementor-element-6584a456 elementor-widget elementor-widget-heading\" data-id=\"6584a456\" data-element_type=\"widget\" data-e-type=\"widget\" data-widget_type=\"heading.default\">\n\t\t\t\t\t<h2 class=\"elementor-heading-title elementor-size-default\">Moyens de contact avec le support Trendo<\/h2>\t\t\t\t<\/div>\n\t\t\t\t\t<\/div>\n\t\t\t\t<\/div>\n\t\t<div class=\"elementor-element elementor-element-28547e9d e-flex e-con-boxed e-con e-parent\" data-id=\"28547e9d\" data-element_type=\"container\" data-e-type=\"container\">\n\t\t\t\t\t<div class=\"e-con-inner\">\n\t\t<div class=\"elementor-element elementor-element-79c48199 e-con-full e-flex e-con e-child\" data-id=\"79c48199\" data-element_type=\"container\" data-e-type=\"container\" data-settings=\"{&quot;background_background&quot;:&quot;classic&quot;}\">\n\t\t\t\t<div class=\"elementor-element elementor-element-596d9107 weight-font elementor-position-top elementor-widget elementor-widget-image-box\" data-id=\"596d9107\" data-element_type=\"widget\" data-e-type=\"widget\" data-widget_type=\"image-box.default\">\n\t\t\t\t\t<div class=\"elementor-image-box-wrapper\"><figure class=\"elementor-image-box-img\"><img decoding=\"async\" width=\"48\" height=\"48\" src=\"https:\/\/fxtrendo.com\/wp-content\/uploads\/2025\/04\/Chat.png\" class=\"attachment-full size-full wp-image-7102\" alt=\"\" \/><\/figure><div class=\"elementor-image-box-content\"><h3 class=\"elementor-image-box-title\">Chat en ligne sur la plateforme Trendo<\/h3><p class=\"elementor-image-box-description\">Discutez directement avec notre \u00e9quipe d\u2019assistance depuis votre plateforme de trading. Obtenez l\u2019aide dont vous avez besoin en quelques clics depuis la fen\u00eatre de chat. Les week-ends (samedi et dimanche), les r\u00e9ponses peuvent \u00eatre l\u00e9g\u00e8rement retard\u00e9es.<\/p><\/div><\/div>\t\t\t\t<\/div>\n\t\t\t\t<div class=\"elementor-element elementor-element-71966b4d elementor-align-center elementor-widget__width-initial elementor-widget elementor-widget-button\" data-id=\"71966b4d\" data-element_type=\"widget\" data-e-type=\"widget\" data-widget_type=\"button.default\">\n\t\t\t\t\t\t\t\t\t\t<a class=\"elementor-button elementor-size-sm\" role=\"button\" id=\"toggle-chat-btn\">\n\t\t\t\t\t\t<span class=\"elementor-button-content-wrapper\">\n\t\t\t\t\t\t\t\t\t<span class=\"elementor-button-text\">Lancer le chat<\/span>\n\t\t\t\t\t<\/span>\n\t\t\t\t\t<\/a>\n\t\t\t\t\t\t\t\t<\/div>\n\t\t\t\t<\/div>\n\t\t<div class=\"elementor-element elementor-element-56705329 e-con-full e-flex e-con e-child\" data-id=\"56705329\" data-element_type=\"container\" data-e-type=\"container\" data-settings=\"{&quot;background_background&quot;:&quot;classic&quot;}\">\n\t\t\t\t<div class=\"elementor-element elementor-element-62c5bb3c weight-font elementor-position-top elementor-widget elementor-widget-image-box\" data-id=\"62c5bb3c\" data-element_type=\"widget\" data-e-type=\"widget\" data-widget_type=\"image-box.default\">\n\t\t\t\t\t<div class=\"elementor-image-box-wrapper\"><figure class=\"elementor-image-box-img\"><img decoding=\"async\" width=\"48\" height=\"48\" src=\"https:\/\/fxtrendo.com\/wp-content\/uploads\/2025\/04\/Telegram.png\" class=\"attachment-full size-full wp-image-7103\" alt=\"\" \/><\/figure><div class=\"elementor-image-box-content\"><h3 class=\"elementor-image-box-title\">Envoyer via message Telegram<\/h3><p class=\"elementor-image-box-description\">Contactez rapidement le support Trendo sur Telegram. Rejoignez notre canal d\u00e9di\u00e9 pour poser directement vos questions.<\/p><\/div><\/div>\t\t\t\t<\/div>\n\t\t\t\t<div class=\"elementor-element elementor-element-166c785a elementor-align-center elementor-widget__width-initial elementor-widget elementor-widget-button\" data-id=\"166c785a\" data-element_type=\"widget\" data-e-type=\"widget\" data-widget_type=\"button.default\">\n\t\t\t\t\t\t\t\t\t\t<a class=\"elementor-button elementor-button-link elementor-size-sm\" href=\"https:\/\/t.me\/trendo_support\" rel=\"nofollow\">\n\t\t\t\t\t\t<span class=\"elementor-button-content-wrapper\">\n\t\t\t\t\t\t\t\t\t<span class=\"elementor-button-text\">Envoyer un message Telegram<\/span>\n\t\t\t\t\t<\/span>\n\t\t\t\t\t<\/a>\n\t\t\t\t\t\t\t\t<\/div>\n\t\t\t\t<\/div>\n\t\t<div class=\"elementor-element elementor-element-6aa11570 e-con-full e-flex e-con e-child\" data-id=\"6aa11570\" data-element_type=\"container\" data-e-type=\"container\" data-settings=\"{&quot;background_background&quot;:&quot;classic&quot;}\">\n\t\t\t\t<div class=\"elementor-element elementor-element-13f616b0 weight-font elementor-position-top elementor-widget elementor-widget-image-box\" data-id=\"13f616b0\" data-element_type=\"widget\" data-e-type=\"widget\" data-widget_type=\"image-box.default\">\n\t\t\t\t\t<div class=\"elementor-image-box-wrapper\"><figure class=\"elementor-image-box-img\"><img loading=\"lazy\" decoding=\"async\" width=\"48\" height=\"48\" src=\"https:\/\/fxtrendo.com\/wp-content\/uploads\/2025\/04\/Email.png\" class=\"attachment-full size-full wp-image-7104\" alt=\"\" \/><\/figure><div class=\"elementor-image-box-content\"><h3 class=\"elementor-image-box-title\">Par e-mail \u00e0 l\u2019\u00e9quipe de support<\/h3><p class=\"elementor-image-box-description\">Vous pouvez envoyer vos questions, demandes ou signalements \u00e0 tout moment \u00e0 l\u2019adresse suivante: support@fxtrendo.com. Le d\u00e9lai moyen de r\u00e9ponse du support est de 4\u202fheures.<\/p><\/div><\/div>\t\t\t\t<\/div>\n\t\t\t\t<div class=\"elementor-element elementor-element-fca5ad0 elementor-align-center elementor-widget__width-initial elementor-widget elementor-widget-button\" data-id=\"fca5ad0\" data-element_type=\"widget\" data-e-type=\"widget\" data-widget_type=\"button.default\">\n\t\t\t\t\t\t\t\t\t\t<a class=\"elementor-button elementor-button-link elementor-size-sm\" href=\"mailto:support@fxtrendo.com\">\n\t\t\t\t\t\t<span class=\"elementor-button-content-wrapper\">\n\t\t\t\t\t\t\t\t\t<span class=\"elementor-button-text\">Envoyer un e-mail<\/span>\n\t\t\t\t\t<\/span>\n\t\t\t\t\t<\/a>\n\t\t\t\t\t\t\t\t<\/div>\n\t\t\t\t<\/div>\n\t\t\t\t\t<\/div>\n\t\t\t\t<\/div>\n\t\t<div class=\"elementor-element elementor-element-2ff9f480 elementor-hidden-desktop elementor-hidden-tablet e-flex e-con-boxed e-con e-parent\" data-id=\"2ff9f480\" data-element_type=\"container\" data-e-type=\"container\">\n\t\t\t\t\t<div class=\"e-con-inner\">\n\t\t\t\t<div class=\"elementor-element elementor-element-3715639f elementor-widget__width-inherit elementor-absolute elementor-widget elementor-widget-image\" data-id=\"3715639f\" data-element_type=\"widget\" data-e-type=\"widget\" data-settings=\"{&quot;_position&quot;:&quot;absolute&quot;}\" data-widget_type=\"image.default\">\n\t\t\t\t\t\t\t\t\t\t\t\t\t\t\t<img loading=\"lazy\" decoding=\"async\" width=\"412\" height=\"1146\" src=\"https:\/\/fxtrendo.com\/wp-content\/uploads\/2025\/04\/Ellipse-32.svg\" class=\"attachment-full size-full wp-image-7110\" alt=\"\" \/>\t\t\t\t\t\t\t\t\t\t\t\t\t\t\t<\/div>\n\t\t\t\t\t<\/div>\n\t\t\t\t<\/div>\n\t\t<div class=\"elementor-element elementor-element-40769936 elementor-hidden-mobile e-flex e-con-boxed e-con e-parent\" data-id=\"40769936\" data-element_type=\"container\" data-e-type=\"container\">\n\t\t\t\t\t<div class=\"e-con-inner\">\n\t\t\t\t<div class=\"elementor-element elementor-element-53595d64 elementor-widget__width-inherit elementor-absolute elementor-widget elementor-widget-image\" data-id=\"53595d64\" data-element_type=\"widget\" data-e-type=\"widget\" data-settings=\"{&quot;_position&quot;:&quot;absolute&quot;}\" data-widget_type=\"image.default\">\n\t\t\t\t\t\t\t\t\t\t\t\t\t\t\t<img loading=\"lazy\" decoding=\"async\" width=\"1020\" height=\"1146\" src=\"https:\/\/fxtrendo.com\/wp-content\/uploads\/2025\/04\/Ellipse-28.svg\" class=\"attachment-full size-full wp-image-7105\" alt=\"\" \/>\t\t\t\t\t\t\t\t\t\t\t\t\t\t\t<\/div>\n\t\t\t\t\t<\/div>\n\t\t\t\t<\/div>\n\t\t<div class=\"elementor-element elementor-element-6662540 elementor-hidden-desktop elementor-hidden-tablet elementor-hidden-mobile e-flex e-con-boxed e-con e-parent\" data-id=\"6662540\" data-element_type=\"container\" data-e-type=\"container\">\n\t\t\t\t\t<div class=\"e-con-inner\">\n\t\t\t\t<div class=\"elementor-element elementor-element-14bd86e2 elementor-widget elementor-widget-heading\" data-id=\"14bd86e2\" data-element_type=\"widget\" data-e-type=\"widget\" data-widget_type=\"heading.default\">\n\t\t\t\t\t<h2 class=\"elementor-heading-title elementor-size-default\">Contactez-nous d\u00e8s aujourd\u2019hui<\/h2>\t\t\t\t<\/div>\n\t\t\t\t<div class=\"elementor-element elementor-element-40bc43ab elementor-widget__width-initial elementor-widget elementor-widget-text-editor\" data-id=\"40bc43ab\" data-element_type=\"widget\" data-e-type=\"widget\" data-widget_type=\"text-editor.default\">\n\t\t\t\t\t\t\t\t\t<p>Utilisez le formulaire ci-dessous pour envoyer vos coordonn\u00e9es et votre message. Nos experts analyseront votre demande et vous r\u00e9pondront dans les plus brefs d\u00e9lais.<\/p>\t\t\t\t\t\t\t\t<\/div>\n\t\t<div class=\"elementor-element elementor-element-14e45186 e-con-full bolor-back e-flex e-con e-child\" data-id=\"14e45186\" data-element_type=\"container\" data-e-type=\"container\">\n\t\t\t\t<div class=\"elementor-element elementor-element-47db16a6 elementor-widget__width-initial short-form-contact elementor-widget elementor-widget-shortcode\" data-id=\"47db16a6\" data-element_type=\"widget\" data-e-type=\"widget\" data-widget_type=\"shortcode.default\">\n\t\t\t\t\t\t\t<div class=\"elementor-shortcode\">[gravityform id=\"12\" title=\"false\" ajax=\"true\"]<\/div>\n\t\t\t\t\t\t<\/div>\n\t\t\t\t<\/div>\n\t\t\t\t\t<\/div>\n\t\t\t\t<\/div>\n\t\t<div class=\"elementor-element elementor-element-338c0de0 elementor-hidden-mobile e-flex e-con-boxed e-con e-parent\" data-id=\"338c0de0\" data-element_type=\"container\" data-e-type=\"container\">\n\t\t\t\t\t<div class=\"e-con-inner\">\n\t\t\t\t<div class=\"elementor-element elementor-element-4d077494 elementor-widget__width-inherit elementor-absolute elementor-widget elementor-widget-image\" data-id=\"4d077494\" data-element_type=\"widget\" data-e-type=\"widget\" data-settings=\"{&quot;_position&quot;:&quot;absolute&quot;}\" data-widget_type=\"image.default\">\n\t\t\t\t\t\t\t\t\t\t\t\t\t\t\t<img loading=\"lazy\" decoding=\"async\" width=\"660\" height=\"1146\" src=\"https:\/\/fxtrendo.com\/wp-content\/uploads\/2025\/04\/Ellipse-30.svg\" class=\"attachment-full size-full wp-image-7106\" alt=\"\" \/>\t\t\t\t\t\t\t\t\t\t\t\t\t\t\t<\/div>\n\t\t\t\t\t<\/div>\n\t\t\t\t<\/div>\n\t\t<div class=\"elementor-element elementor-element-6fdd234a e-flex e-con-boxed e-con e-parent\" data-id=\"6fdd234a\" data-element_type=\"container\" data-e-type=\"container\">\n\t\t\t\t\t<div class=\"e-con-inner\">\n\t\t\t\t<div class=\"elementor-element elementor-element-7c7b690 elementor-widget elementor-widget-heading\" data-id=\"7c7b690\" data-element_type=\"widget\" data-e-type=\"widget\" data-widget_type=\"heading.default\">\n\t\t\t\t\t<h2 class=\"elementor-heading-title elementor-size-default\">Foire aux questions<\/h2>\t\t\t\t<\/div>\n\t\t\t\t<div class=\"elementor-element elementor-element-888c165 elementor-widget__width-initial elementor-widget elementor-widget-text-editor\" data-id=\"888c165\" data-element_type=\"widget\" data-e-type=\"widget\" data-widget_type=\"text-editor.default\">\n\t\t\t\t\t\t\t\t\t<p>Retrouvez ici les r\u00e9ponses aux questions fr\u00e9quemment pos\u00e9es sur les services et fonctionnalit\u00e9s de Trendo. Si vous avez d\u2019autres questions, notre \u00e9quipe d\u2019assistance est toujours l\u00e0 pour vous.<\/p>\t\t\t\t\t\t\t\t<\/div>\n\t\t\t\t\t<\/div>\n\t\t\t\t<\/div>\n\t\t<div class=\"elementor-element elementor-element-3a1f39ed e-flex e-con-boxed e-con e-parent\" data-id=\"3a1f39ed\" data-element_type=\"container\" data-e-type=\"container\">\n\t\t\t\t\t<div class=\"e-con-inner\">\n\t\t<div class=\"elementor-element elementor-element-42167e15 e-con-full e-flex e-con e-child\" data-id=\"42167e15\" data-element_type=\"container\" data-e-type=\"container\">\n\t\t<div class=\"elementor-element elementor-element-48ec5ea6 e-con-full e-flex e-con e-child\" data-id=\"48ec5ea6\" data-element_type=\"container\" data-e-type=\"container\" data-settings=\"{&quot;background_background&quot;:&quot;classic&quot;}\">\n\t\t\t\t<div class=\"elementor-element elementor-element-62a841ac elementor-widget elementor-widget-heading\" data-id=\"62a841ac\" data-element_type=\"widget\" data-e-type=\"widget\" data-widget_type=\"heading.default\">\n\t\t\t\t\t<span class=\"elementor-heading-title elementor-size-default\">Quelles m\u00e9thodes de retrait sont prises en charge par Trendo?<\/span>\t\t\t\t<\/div>\n\t\t\t\t<div class=\"elementor-element elementor-element-172c553a elementor-widget__width-initial elementor-widget elementor-widget-text-editor\" data-id=\"172c553a\" data-element_type=\"widget\" data-e-type=\"widget\" data-widget_type=\"text-editor.default\">\n\t\t\t\t\t\t\t\t\t<p>Chez Trendo, vous pouvez retirer des fonds de votre compte de trading via des cryptomonnaies et d\u2019autres m\u00e9thodes de paiement rapides et s\u00e9curis\u00e9es.<\/p>\t\t\t\t\t\t\t\t<\/div>\n\t\t\t\t<\/div>\n\t\t<div class=\"elementor-element elementor-element-26f63cf0 e-con-full e-flex e-con e-child\" data-id=\"26f63cf0\" data-element_type=\"container\" data-e-type=\"container\" data-settings=\"{&quot;background_background&quot;:&quot;classic&quot;}\">\n\t\t\t\t<div class=\"elementor-element elementor-element-31bd5780 elementor-widget elementor-widget-heading\" data-id=\"31bd5780\" data-element_type=\"widget\" data-e-type=\"widget\" data-widget_type=\"heading.default\">\n\t\t\t\t\t<span class=\"elementor-heading-title elementor-size-default\">Combien de types de comptes de trading Trendo propose-t-il?<\/span>\t\t\t\t<\/div>\n\t\t\t\t<div class=\"elementor-element elementor-element-75f0cae2 elementor-widget__width-initial elementor-widget elementor-widget-text-editor\" data-id=\"75f0cae2\" data-element_type=\"widget\" data-e-type=\"widget\" data-widget_type=\"text-editor.default\">\n\t\t\t\t\t\t\t\t\t<p>Trendo propose six types de comptes de trading : R\u00e9el, D\u00e9mo, Portefeuille, Bonus, PAMM et CopyTrade. Tous ces comptes sont de type ECN et offrent des conditions de trading professionnelles de premier plan.<\/p>\t\t\t\t\t\t\t\t<\/div>\n\t\t\t\t<\/div>\n\t\t\t\t<\/div>\n\t\t<div class=\"elementor-element elementor-element-3b6dc8d8 e-con-full e-flex e-con e-child\" data-id=\"3b6dc8d8\" data-element_type=\"container\" data-e-type=\"container\">\n\t\t<div class=\"elementor-element elementor-element-103d016e e-con-full e-flex e-con e-child\" data-id=\"103d016e\" data-element_type=\"container\" data-e-type=\"container\" data-settings=\"{&quot;background_background&quot;:&quot;classic&quot;}\">\n\t\t\t\t<div class=\"elementor-element elementor-element-57307abe elementor-widget elementor-widget-heading\" data-id=\"57307abe\" data-element_type=\"widget\" data-e-type=\"widget\" data-widget_type=\"heading.default\">\n\t\t\t\t\t<span class=\"elementor-heading-title elementor-size-default\">Comment retirer les bonus?<\/span>\t\t\t\t<\/div>\n\t\t\t\t<div class=\"elementor-element elementor-element-541fca91 elementor-widget__width-initial elementor-widget elementor-widget-text-editor\" data-id=\"541fca91\" data-element_type=\"widget\" data-e-type=\"widget\" data-widget_type=\"text-editor.default\">\n\t\t\t\t\t\t\t\t\tPour retirer les bonus Trendo \u2014 en particulier le bonus de 100\u202f$ \u2014 vous devez respecter les conditions et atteindre le seuil de gains requis. Consultez la<a style=\"color: #55ceab;\" href=\"\/fr\/welcome-bonus\"> page d\u00e9di\u00e9e aux bonus<\/a> pour en savoir plus.\t\t\t\t\t\t\t\t<\/div>\n\t\t\t\t<\/div>\n\t\t<div class=\"elementor-element elementor-element-78a0c837 e-con-full e-flex e-con e-child\" data-id=\"78a0c837\" data-element_type=\"container\" data-e-type=\"container\" data-settings=\"{&quot;background_background&quot;:&quot;classic&quot;}\">\n\t\t\t\t<div class=\"elementor-element elementor-element-1eae069f elementor-widget elementor-widget-heading\" data-id=\"1eae069f\" data-element_type=\"widget\" data-e-type=\"widget\" data-widget_type=\"heading.default\">\n\t\t\t\t\t<span class=\"elementor-heading-title elementor-size-default\">Comment r\u00e9initialiser mon mot de passe sur Trendo?<\/span>\t\t\t\t<\/div>\n\t\t\t\t<div class=\"elementor-element elementor-element-26f7ca64 elementor-widget__width-initial elementor-widget elementor-widget-text-editor\" data-id=\"26f7ca64\" data-element_type=\"widget\" data-e-type=\"widget\" data-widget_type=\"text-editor.default\">\n\t\t\t\t\t\t\t\t\t<p>D\u00e9connectez-vous de votre compte, acc\u00e9dez \u00e0 la section \u00ab\u202fS\u2019inscrire \/ Se connecter\u202f\u00bb, puis cliquez sur \u00ab\u202fMot de passe oubli\u00e9\u202f\u00bb. Un lien de r\u00e9initialisation vous sera envoy\u00e9 par e-mail.<\/p>\t\t\t\t\t\t\t\t<\/div>\n\t\t\t\t<\/div>\n\t\t\t\t<\/div>\n\t\t\t\t\t<\/div>\n\t\t\t\t<\/div>\n\t\t\t\t<\/div>\n\t\t","protected":false},"excerpt":{"rendered":"<p>Contacter le support Trendo Les traders peuvent contacter l\u2019\u00e9quipe d\u2019assistance Trendo 24h\/24 et 7j\/7, y compris les jours f\u00e9ri\u00e9s, par diff\u00e9rents moyens. Chez Trendo, le support ne se limite pas \u00e0 un simple service \u2014 c\u2019est un engagement envers la qualit\u00e9. Notre \u00e9quipe est disponible \u00e0 tout moment pour r\u00e9pondre \u00e0 vos questions, vous guider [&hellip;]<\/p>\n","protected":false},"author":8,"featured_media":48626,"parent":0,"menu_order":0,"comment_status":"closed","ping_status":"closed","template":"","meta":{"_acf_changed":false,"inline_featured_image":false,"fxtrendo_post_editor":0,"footnotes":""},"class_list":["post-12391","page","type-page","status-publish","has-post-thumbnail","hentry"],"acf":[],"fxtrendo_editor":0,"_links":{"self":[{"href":"https:\/\/fxtrendo.com\/fr\/wp-json\/wp\/v2\/pages\/12391","targetHints":{"allow":["GET"]}}],"collection":[{"href":"https:\/\/fxtrendo.com\/fr\/wp-json\/wp\/v2\/pages"}],"about":[{"href":"https:\/\/fxtrendo.com\/fr\/wp-json\/wp\/v2\/types\/page"}],"author":[{"embeddable":true,"href":"https:\/\/fxtrendo.com\/fr\/wp-json\/wp\/v2\/users\/8"}],"replies":[{"embeddable":true,"href":"https:\/\/fxtrendo.com\/fr\/wp-json\/wp\/v2\/comments?post=12391"}],"version-history":[{"count":0,"href":"https:\/\/fxtrendo.com\/fr\/wp-json\/wp\/v2\/pages\/12391\/revisions"}],"wp:featuredmedia":[{"embeddable":true,"href":"https:\/\/fxtrendo.com\/fr\/wp-json\/wp\/v2\/media\/48626"}],"wp:attachment":[{"href":"https:\/\/fxtrendo.com\/fr\/wp-json\/wp\/v2\/media?parent=12391"}],"curies":[{"name":"wp","href":"https:\/\/api.w.org\/{rel}","templated":true}]}}