{"id":16552,"date":"2025-06-25T10:54:58","date_gmt":"2025-06-25T10:54:58","guid":{"rendered":"https:\/\/fxtrendo.com\/deposit-and-withdrawal-methods\/"},"modified":"2025-12-01T06:52:13","modified_gmt":"2025-12-01T06:52:13","slug":"transactions","status":"publish","type":"page","link":"https:\/\/fxtrendo.com\/fr\/transactions\/","title":{"rendered":"Deposit and Withdrawal Methods"},"content":{"rendered":"\t\t<div data-elementor-type=\"wp-page\" data-elementor-id=\"16552\" class=\"elementor elementor-16552 elementor-8947\" data-elementor-post-type=\"page\">\n\t\t\t\t<div class=\"elementor-element elementor-element-d83ea5f e-flex e-con-boxed e-con e-parent\" data-id=\"d83ea5f\" data-element_type=\"container\" data-e-type=\"container\" data-settings=\"{&quot;background_background&quot;:&quot;classic&quot;}\">\n\t\t\t\t\t<div class=\"e-con-inner\">\n\t\t<div class=\"elementor-element elementor-element-1ee3e21 e-con-full e-flex e-con e-child\" data-id=\"1ee3e21\" data-element_type=\"container\" data-e-type=\"container\">\n\t\t\t\t<div class=\"elementor-element elementor-element-e8b3a85 elementor-widget elementor-widget-heading\" data-id=\"e8b3a85\" data-element_type=\"widget\" data-e-type=\"widget\" data-widget_type=\"heading.default\">\n\t\t\t\t\t<h1 class=\"elementor-heading-title elementor-size-default\">M\u00e9thodes de d\u00e9p\u00f4t et de retrait chez Trendo<\/h1>\t\t\t\t<\/div>\n\t\t\t\t<div class=\"elementor-element elementor-element-d8e7a65 elementor-widget elementor-widget-heading\" data-id=\"d8e7a65\" data-element_type=\"widget\" data-e-type=\"widget\" data-widget_type=\"heading.default\">\n\t\t\t\t\t<span class=\"elementor-heading-title elementor-size-default\">\nLes d\u00e9p\u00f4ts\/retraits sur Trendo sont trait\u00e9s en quelques minutes, sans frais. Transf\u00e9rez vos fonds rapidement et en toute s\u00e9curit\u00e9 via les crypto-monnaies, \u00e0 tout moment.<\/span>\t\t\t\t<\/div>\n\t\t\t\t<div class=\"elementor-element elementor-element-02aabe6 elementor-widget__width-initial elementor-widget-mobile__width-inherit elementor-widget elementor-widget-shortcode\" data-id=\"02aabe6\" data-element_type=\"widget\" data-e-type=\"widget\" data-widget_type=\"shortcode.default\">\n\t\t\t\t\t\t\t<div class=\"elementor-shortcode\">    <form id=\"fxForm_1\" class=\"custom-email-form\">\n        <input\n            type=\"email\"\n            id=\"fxEmail_1\"\n            name=\"email\"\n            placeholder=\"Adresse e-mail\"\n            required\n        >\n        <button\n            type=\"button\"\n            onclick=\"redirectToSignUp('fxForm_1','fxEmail_1','fxLoader_1')\"\n        >\n            S\u2019inscrire            <img decoding=\"async\" src=\"https:\/\/fxtrendo.com\/wp-content\/uploads\/2025\/04\/Arrow-right-2.svg\" alt=\"\">\n        <\/button>\n        <div id=\"fxLoader_1\" class=\"email-loader\" style=\"display: none;\"><\/div>\n    <\/form>\n\n    <script>\n    function redirectToSignUp(formId, inputId, loaderId) {\n        const form   = document.getElementById(formId);\n        const input  = document.getElementById(inputId);\n        const loader = document.getElementById(loaderId);\n\n        if (!form.reportValidity()) return;\n\n        loader.style.display = 'block';\n\n        const userEmail = input.value;\n        sessionStorage.setItem('temp_login_email', userEmail);\n        window.location.href = 'https:\/\/fxtrendo.com\/web\/platforms';\n    }\n    <\/script>\n    <\/div>\n\t\t\t\t\t\t<\/div>\n\t\t\t\t<\/div>\n\t\t<div class=\"elementor-element elementor-element-daff9a0 e-con-full e-flex e-con e-child\" data-id=\"daff9a0\" data-element_type=\"container\" data-e-type=\"container\">\n\t\t\t\t<div class=\"elementor-element elementor-element-e7a5227 elementor-widget elementor-widget-image\" data-id=\"e7a5227\" data-element_type=\"widget\" data-e-type=\"widget\" data-widget_type=\"image.default\">\n\t\t\t\t\t\t\t\t\t\t\t\t\t\t\t<img fetchpriority=\"high\" decoding=\"async\" width=\"650\" height=\"773\" src=\"https:\/\/fxtrendo.com\/wp-content\/uploads\/2025\/06\/card-1.png\" class=\"attachment-full size-full wp-image-8960\" alt=\"\" srcset=\"https:\/\/fxtrendo.com\/wp-content\/uploads\/2025\/06\/card-1.png 650w, https:\/\/fxtrendo.com\/wp-content\/uploads\/2025\/06\/card-1-252x300.png 252w\" sizes=\"(max-width: 650px) 100vw, 650px\" \/>\t\t\t\t\t\t\t\t\t\t\t\t\t\t\t<\/div>\n\t\t\t\t<\/div>\n\t\t\t\t\t<\/div>\n\t\t\t\t<\/div>\n\t\t<div class=\"elementor-element elementor-element-1650d4a e-flex e-con-boxed e-con e-parent\" data-id=\"1650d4a\" data-element_type=\"container\" data-e-type=\"container\">\n\t\t\t\t\t<div class=\"e-con-inner\">\n\t\t\t\t<div class=\"elementor-element elementor-element-984b2c6 elementor-widget__width-inherit elementor-widget elementor-widget-heading\" data-id=\"984b2c6\" data-element_type=\"widget\" data-e-type=\"widget\" data-widget_type=\"heading.default\">\n\t\t\t\t\t<span class=\"elementor-heading-title elementor-size-default\">Le courtier Trendo propose plusieurs m\u00e9thodes de d\u00e9p\u00f4t\/retrait sans frais pour r\u00e9pondre aux besoins de tous ses utilisateurs ; voir le tableau ci-dessous:<\/span>\t\t\t\t<\/div>\n\t\t\t\t\t<\/div>\n\t\t\t\t<\/div>\n\t\t<div class=\"elementor-element elementor-element-aba81ac e-flex e-con-boxed e-con e-parent\" data-id=\"aba81ac\" data-element_type=\"container\" data-e-type=\"container\">\n\t\t\t\t\t<div class=\"e-con-inner\">\n\t\t\t\t<div class=\"elementor-element elementor-element-08ea3e8 elementor-absolute elementor-widget elementor-widget-image\" data-id=\"08ea3e8\" data-element_type=\"widget\" data-e-type=\"widget\" data-settings=\"{&quot;_position&quot;:&quot;absolute&quot;}\" data-widget_type=\"image.default\">\n\t\t\t\t\t\t\t\t\t\t\t\t\t\t\t<img decoding=\"async\" width=\"584\" height=\"1146\" src=\"https:\/\/fxtrendo.com\/wp-content\/uploads\/2025\/04\/Ellipse-30-1.svg\" class=\"attachment-full size-full wp-image-15673\" alt=\"\" \/>\t\t\t\t\t\t\t\t\t\t\t\t\t\t\t<\/div>\n\t\t\t\t<div class=\"elementor-element elementor-element-bdc8f77 elementor-widget elementor-widget-html\" data-id=\"bdc8f77\" data-element_type=\"widget\" data-e-type=\"widget\" data-widget_type=\"html.default\">\n\t\t\t\t\t\r\n  <style>\r\n \r\n\r\n    .table-container {\r\n      overflow-x: auto;\r\n   \r\n      font-family: \"YekanBakh\", Sans-serif !important;\r\n      background-color: #201C1C;\r\n    }\r\n\r\n    .table-container table {\r\n      border-collapse: collapse;\r\n      width: 100%;\r\n      min-width: 1300px;\r\n      table-layout: fixed;\r\n          font-family: \"YekanBakh\", Sans-serif;\r\n    }\r\n    .table-container img.icon {\r\n      vertical-align: center;\r\n      width: 54px;\r\n      height: 54px;\r\n      margin-right: 10px;\r\n    }\r\n\r\n    .table-container th, .table-container td {\r\n      padding: 40px 16px;\r\n      text-align: center;\r\n      font-size:24px;\r\n      border:2px solid #26433B;\r\n      vertical-align: baseline !important;\r\n          font-family: \"YekanBakh\", Sans-serif;\r\n    }\r\n\r\n    .table-container th {\r\n      background-color: #0D4233;\r\n      color: #fff;\r\n      font-size: 24px;\r\nfont-style: normal;\r\nfont-weight: 600;\r\nline-height: 28px;\r\n      \r\n    }\r\n\r\n    .table-container td {\r\n      background-color: #1a1a1a;\r\n      color: #ddd;\r\n      border-top: 1px solid #26433B;\r\n      font-size: 24px;\r\nfont-style: normal;\r\nfont-weight: 400;\r\n    }\r\n\r\n    .table-container a {\r\n      color: #00B781;\r\n      text-decoration: none;\r\n          font-family: \"YekanBakh\", Sans-serif !important;\r\n          text-decoration: underline;\r\n    }\r\n\r\n    .table-container a:hover {\r\n      text-decoration: underline;\r\n      color: #55CFAB;\r\n    }\r\n\r\n    img.icon {\r\n      vertical-align: middle;\r\n      width: 20px;\r\n      height: 20px;\r\n      margin-right: 8px;\r\n      text-align: left !important;\r\n    }\r\n    \r\n    table tbody>tr:nth-child(odd)>td, table tbody>tr:nth-child(odd)>th\r\n    {\r\n        background-color: #252525 !important;\r\n    }\r\n  <\/style>\r\n<\/head>\r\n<body>\r\n\r\n  <div class=\"table-container\">\r\n    <table>\r\n      <thead>\r\n        <tr>\r\n          <th>Option<\/th>\r\n          <th>D\u00e9lai de d\u00e9p\u00f4t<\/th>\r\n          <th>D\u00e9lai de retrait<\/th>\r\n          <th>symbole<\/th>\r\n          <th>Instruction<\/th>\r\n        <\/tr>\r\n      <\/thead>\r\n      <tbody>\r\n          <tr>\r\n    <td style=\"text-align: left;\"><img decoding=\"async\" src=\"https:\/\/fxtrendo.com\/wp-content\/uploads\/2025\/11\/mastercard-svgrepo-com.svg\" alt=\"ETH\" class=\"icon\">Mastercard<\/td>\r\n    <td>Instantan\u00e9<\/td>\r\n    <td>De 1 \u00e0 24 heures<\/td>\r\n    <td>USD, EUR, GBP, etc<\/td>\r\n    <td><a href=\"https:\/\/help.fxtrendo.com\/portal\/en\/kb\/articles\/mastercard-visacard-deposit\">How does it work?<\/a><\/td>\r\n<\/tr>\r\n<tr>\r\n    <td style=\"text-align: left;\"><img decoding=\"async\" src=\"https:\/\/fxtrendo.com\/wp-content\/uploads\/2025\/11\/visa-svgrepo-com.svg\" alt=\"ETH\" class=\"icon\">Carte Visa<\/td>\r\n    <td>Instantan\u00e9<\/td>\r\n    <td>De 1 \u00e0 24 heures<\/td>\r\n    <td>USD, EUR, GBP, etc<\/td>\r\n    <td><a href=\"https:\/\/help.fxtrendo.com\/portal\/en\/kb\/articles\/mastercard-visacard-deposit\">How does it work?<\/a><\/td>\r\n<\/tr>\r\n        <tr>\r\n          <td style=\"text-align: left;\"><img decoding=\"async\" src=\"https:\/\/fxtrendo.com\/wp-content\/uploads\/2025\/06\/USDTTRC20-3.svg\" alt=\"Tether\" class=\"icon\"> Tether (TRC20)<\/td>\r\n          <td>Instantan\u00e9<\/td>\r\n          <td>Instantan\u00e9*<\/td>\r\n          <td>USDT<\/td>\r\n          <td><a href=\"https:\/\/help.fxtrendo.com\/portal\/en\/kb\/articles\/depositing-with-cryptocurrency-on-trendo#Steps_for_Depositing_Cryptocurrency_through_Trendo_Platform\">Comment \u00e7a\r\n fonctionne?<\/a><\/td>\r\n        <\/tr>\r\n        <tr>\r\n          <td style=\"text-align: left;\" ><img decoding=\"async\" src=\"https:\/\/fxtrendo.com\/wp-content\/uploads\/2025\/06\/USDTBEP20-3.svg\" alt=\"Tether\" class=\"icon\"> Tether (BEP20)<\/td>\r\n          <td>Instantan\u00e9<\/td>\r\n          <td>Instantan\u00e9<\/td>\r\n          <td>USDT<\/td>\r\n          <td><a href=\"https:\/\/help.fxtrendo.com\/portal\/en\/kb\/articles\/depositing-with-cryptocurrency-on-trendo#Steps_for_Depositing_Cryptocurrency_through_Trendo_Platform\">Comment \u00e7a\r\n fonctionne?<\/a><\/td>\r\n        <\/tr>\r\n        <tr>\r\n          <td style=\"text-align: left;\"><img decoding=\"async\" src=\"https:\/\/fxtrendo.com\/wp-content\/uploads\/2025\/06\/USDC-2.svg\" alt=\"USDC\" class=\"icon\"> USDC (ERC20)<\/td>\r\n          <td>Instantan\u00e9<\/td>\r\n          <td>Instantan\u00e9<\/td>\r\n          <td>USDC<\/td>\r\n          <td><a href=\"https:\/\/help.fxtrendo.com\/portal\/en\/kb\/articles\/depositing-with-cryptocurrency-on-trendo#Steps_for_Depositing_Cryptocurrency_through_Trendo_Platform\">Comment \u00e7a\r\n fonctionne?<\/a><\/td>\r\n        <\/tr>\r\n        <tr>\r\n          <td style=\"text-align: left;\"><img decoding=\"async\" src=\"https:\/\/fxtrendo.com\/wp-content\/uploads\/2025\/06\/BTC-2.svg\" alt=\"BTC\" class=\"icon\"> Bitcoin<\/td>\r\n          <td>Instantan\u00e9<\/td>\r\n          <td>Instantan\u00e9<\/td>\r\n          <td>BTC<\/td>\r\n          <td><a href=\"https:\/\/help.fxtrendo.com\/portal\/en\/kb\/articles\/depositing-with-cryptocurrency-on-trendo#Steps_for_Depositing_Cryptocurrency_through_Trendo_Platform\">Comment \u00e7a\r\n fonctionne?<\/a><\/td>\r\n        <\/tr>\r\n        <tr>\r\n          <td style=\"text-align: left;\"><img decoding=\"async\" src=\"https:\/\/fxtrendo.com\/wp-content\/uploads\/2025\/06\/Tron-2.svg\" alt=\"Tron\" class=\"icon\"> Tron<\/td>\r\n          <td>Instantan\u00e9<\/td>\r\n          <td>Instantan\u00e9<\/td>\r\n          <td>TRX<\/td>\r\n          <td><a href=\"https:\/\/help.fxtrendo.com\/portal\/en\/kb\/articles\/depositing-with-cryptocurrency-on-trendo#Steps_for_Depositing_Cryptocurrency_through_Trendo_Platform\">Comment \u00e7a\r\n fonctionne?<\/a><\/td>\r\n        <\/tr>\r\n        <tr>\r\n          <td style=\"text-align: left;\"><img decoding=\"async\" src=\"https:\/\/fxtrendo.com\/wp-content\/uploads\/2025\/06\/Binance-2.svg\" alt=\"BNB\" class=\"icon\"> Binance Coin<\/td>\r\n          <td>Instantan\u00e9<\/td>\r\n          <td>Instantan\u00e9<\/td>\r\n          <td>BNB<\/td>\r\n          <td><a href=\"https:\/\/help.fxtrendo.com\/portal\/en\/kb\/articles\/depositing-with-cryptocurrency-on-trendo#Steps_for_Depositing_Cryptocurrency_through_Trendo_Platform\">Comment \u00e7a\r\n fonctionne?<\/a><\/td>\r\n        <\/tr>\r\n        <tr>\r\n          <td style=\"text-align: left;\"><img decoding=\"async\" src=\"https:\/\/fxtrendo.com\/wp-content\/uploads\/2025\/06\/ETH-2.svg\" alt=\"ETH\" class=\"icon\"> Ethereum<\/td>\r\n          <td>Instantan\u00e9<\/td>\r\n          <td>Instantan\u00e9<\/td>\r\n          <td>ETH<\/td>\r\n          <td><a href=\"https:\/\/help.fxtrendo.com\/portal\/en\/kb\/articles\/depositing-with-cryptocurrency-on-trendo#Steps_for_Depositing_Cryptocurrency_through_Trendo_Platform\">Comment \u00e7a\r\n fonctionne?<\/a><\/td>\r\n        <\/tr>\r\n      <\/tbody>\r\n    <\/table>\r\n  <\/div>\r\n\r\n\t\t\t\t<\/div>\n\t\t\t\t<div class=\"elementor-element elementor-element-73cd494 elementor-absolute elementor-widget elementor-widget-image\" data-id=\"73cd494\" data-element_type=\"widget\" data-e-type=\"widget\" data-settings=\"{&quot;_position&quot;:&quot;absolute&quot;}\" data-widget_type=\"image.default\">\n\t\t\t\t\t\t\t\t\t\t\t\t\t\t\t<img decoding=\"async\" width=\"740\" height=\"982\" src=\"https:\/\/fxtrendo.com\/wp-content\/uploads\/2025\/06\/Ellipse-2449.png\" class=\"attachment-full size-full wp-image-9036\" alt=\"\" srcset=\"https:\/\/fxtrendo.com\/wp-content\/uploads\/2025\/06\/Ellipse-2449.png 740w, https:\/\/fxtrendo.com\/wp-content\/uploads\/2025\/06\/Ellipse-2449-226x300.png 226w\" sizes=\"(max-width: 740px) 100vw, 740px\" \/>\t\t\t\t\t\t\t\t\t\t\t\t\t\t\t<\/div>\n\t\t\t\t<div class=\"elementor-element elementor-element-c5cb29c elementor-widget__width-inherit elementor-widget elementor-widget-heading\" data-id=\"c5cb29c\" data-element_type=\"widget\" data-e-type=\"widget\" data-widget_type=\"heading.default\">\n\t\t\t\t\t<span class=\"elementor-heading-title elementor-size-default\">* Note: les d\u00e9p\u00f4ts et retraits crypto sont instantan\u00e9s, mais la congestion r\u00e9seau peut parfois retarder la confirmation sur la blockchain.<\/span>\t\t\t\t<\/div>\n\t\t\t\t\t<\/div>\n\t\t\t\t<\/div>\n\t\t<div class=\"elementor-element elementor-element-2ba18c3 e-flex e-con-boxed e-con e-parent\" data-id=\"2ba18c3\" data-element_type=\"container\" data-e-type=\"container\">\n\t\t\t\t\t<div class=\"e-con-inner\">\n\t\t<div class=\"elementor-element elementor-element-099cae5 e-con-full e-flex e-con e-child\" data-id=\"099cae5\" data-element_type=\"container\" data-e-type=\"container\" data-settings=\"{&quot;background_background&quot;:&quot;classic&quot;}\">\n\t\t<div class=\"elementor-element elementor-element-3cd50df e-con-full e-flex e-con e-child\" data-id=\"3cd50df\" data-element_type=\"container\" data-e-type=\"container\">\n\t\t\t\t<div class=\"elementor-element elementor-element-b339c9b elementor-absolute elementor-hidden-tablet elementor-hidden-mobile elementor-widget elementor-widget-image\" data-id=\"b339c9b\" data-element_type=\"widget\" data-e-type=\"widget\" data-settings=\"{&quot;_position&quot;:&quot;absolute&quot;}\" data-widget_type=\"image.default\">\n\t\t\t\t\t\t\t\t\t\t\t\t\t\t\t<img loading=\"lazy\" decoding=\"async\" width=\"543\" height=\"543\" src=\"https:\/\/fxtrendo.com\/wp-content\/uploads\/2025\/06\/10-percent-1-1.png\" class=\"attachment-full size-full wp-image-9264\" alt=\"\" srcset=\"https:\/\/fxtrendo.com\/wp-content\/uploads\/2025\/06\/10-percent-1-1.png 543w, https:\/\/fxtrendo.com\/wp-content\/uploads\/2025\/06\/10-percent-1-1-300x300.png 300w, https:\/\/fxtrendo.com\/wp-content\/uploads\/2025\/06\/10-percent-1-1-150x150.png 150w\" sizes=\"(max-width: 543px) 100vw, 543px\" \/>\t\t\t\t\t\t\t\t\t\t\t\t\t\t\t<\/div>\n\t\t\t\t<\/div>\n\t\t<div class=\"elementor-element elementor-element-147e5c5 e-con-full e-flex e-con e-child\" data-id=\"147e5c5\" data-element_type=\"container\" data-e-type=\"container\">\n\t\t\t\t<div class=\"elementor-element elementor-element-4867403 elementor-hidden-desktop elementor-widget elementor-widget-image\" data-id=\"4867403\" data-element_type=\"widget\" data-e-type=\"widget\" data-widget_type=\"image.default\">\n\t\t\t\t\t\t\t\t\t\t\t\t\t\t\t<img loading=\"lazy\" decoding=\"async\" width=\"543\" height=\"543\" src=\"https:\/\/fxtrendo.com\/wp-content\/uploads\/2025\/06\/10-percent-1-1.png\" class=\"attachment-full size-full wp-image-9264\" alt=\"\" srcset=\"https:\/\/fxtrendo.com\/wp-content\/uploads\/2025\/06\/10-percent-1-1.png 543w, https:\/\/fxtrendo.com\/wp-content\/uploads\/2025\/06\/10-percent-1-1-300x300.png 300w, https:\/\/fxtrendo.com\/wp-content\/uploads\/2025\/06\/10-percent-1-1-150x150.png 150w\" sizes=\"(max-width: 543px) 100vw, 543px\" \/>\t\t\t\t\t\t\t\t\t\t\t\t\t\t\t<\/div>\n\t\t\t\t<div class=\"elementor-element elementor-element-7bf2451 elementor-widget elementor-widget-heading\" data-id=\"7bf2451\" data-element_type=\"widget\" data-e-type=\"widget\" data-widget_type=\"heading.default\">\n\t\t\t\t\t<h2 class=\"elementor-heading-title elementor-size-default\">Bonus de d\u00e9p\u00f4t crypto de 10%<\/h2>\t\t\t\t<\/div>\n\t\t\t\t<div class=\"elementor-element elementor-element-ec923e8 elementor-mobile-align-center elementor-widget elementor-widget-button\" data-id=\"ec923e8\" data-element_type=\"widget\" data-e-type=\"widget\" data-widget_type=\"button.default\">\n\t\t\t\t\t\t\t\t\t\t<a class=\"elementor-button elementor-button-link elementor-size-sm\" href=\"\/crypto-deposit-bonus\">\n\t\t\t\t\t\t<span class=\"elementor-button-content-wrapper\">\n\t\t\t\t\t\t\t\t\t<span class=\"elementor-button-text\">Cliquez ici pour plus de d\u00e9tails<\/span>\n\t\t\t\t\t<\/span>\n\t\t\t\t\t<\/a>\n\t\t\t\t\t\t\t\t<\/div>\n\t\t\t\t<\/div>\n\t\t\t\t<\/div>\n\t\t\t\t\t<\/div>\n\t\t\t\t<\/div>\n\t\t<div class=\"elementor-element elementor-element-8c01a0a e-flex e-con-boxed e-con e-parent\" data-id=\"8c01a0a\" data-element_type=\"container\" data-e-type=\"container\">\n\t\t\t\t\t<div class=\"e-con-inner\">\n\t\t\t\t<div class=\"elementor-element elementor-element-b875e6f elementor-widget elementor-widget-heading\" data-id=\"b875e6f\" data-element_type=\"widget\" data-e-type=\"widget\" data-widget_type=\"heading.default\">\n\t\t\t\t\t<h2 class=\"elementor-heading-title elementor-size-default\">Conditions de d\u00e9p\u00f4t et retrait chez Trendo<\/h2>\t\t\t\t<\/div>\n\t\t\t\t<div class=\"elementor-element elementor-element-46f24ee elementor-widget elementor-widget-text-editor\" data-id=\"46f24ee\" data-element_type=\"widget\" data-e-type=\"widget\" data-widget_type=\"text-editor.default\">\n\t\t\t\t\t\t\t\t\t<ol><li>Chaque d\u00e9p\u00f4t\/retrait doit \u00eatre d\u2019au moins 10 USD (ou \u00e9quivalent).<\/li><li>Toutes les transactions sont surveill\u00e9es par l\u2019\u00e9quipe financi\u00e8re de Trendo ; toute activit\u00e9 suspecte sera trait\u00e9e selon les r\u00e9glementations internationales.<\/li><li>Les comptes non v\u00e9rifi\u00e9s ne peuvent pas utiliser le virement bancaire ; cette option s\u2019active uniquement apr\u00e8s v\u00e9rification d\u2019identit\u00e9.<\/li><li>Les retraits, quel que soit le canal, ne sont possibles qu\u2019apr\u00e8s validation KYC.<\/li><li>Les cartes ou comptes de tiers ne sont pas accept\u00e9s. Les op\u00e9rations bancaires doivent provenir d\u2019un compte au m\u00eame nom que le profil de trading.<\/li><li>Conform\u00e9ment aux r\u00e8gles LCB-FT, les fonds ne peuvent \u00eatre retir\u00e9s que par la ou les m\u00eames m\u00e9thodes et au m\u00eame prorata que pour le d\u00e9p\u00f4t. En cas de multiples canaux, le retrait est r\u00e9parti proportionnellement.<\/li><li>Trendo ne pr\u00e9l\u00e8ve aucune commission interne sur les d\u00e9p\u00f4ts ou retraits.<\/li><li>Avant d\u2019envoyer des crypto-monnaies, v\u00e9rifiez l\u2019adresse du portefeuille et le r\u00e9seau ; l\u2019utilisateur assume toute erreur ou envoi sur une cha\u00eene erron\u00e9e.<\/li><li>Vous pouvez alimenter votre compte les jours f\u00e9ri\u00e9s ; toutefois, les retraits ces jours-l\u00e0 ne sont trait\u00e9s que s\u2019il n\u2019y a aucune position ouverte.<\/li><li>Au sein de Trendo, vous pouvez transf\u00e9rer instantan\u00e9ment vos soldes entre vos propres comptes de trading.<\/li><li>Le bonus de d\u00e9p\u00f4t crypto cr\u00e9dit\u00e9 est intransf\u00e9rable. Si les fonds principaux sont d\u00e9plac\u00e9s vers un autre compte, le bonus n\u2019est pas transf\u00e9r\u00e9. Les d\u00e9placements entre comptes PAMM, copy trading et bonus sont \u00e9galement interdits.<\/li><li>Pour tout d\u00e9p\u00f4t en crypto-monnaie, un bonus suppl\u00e9mentaire de 10 % est cr\u00e9dit\u00e9. Cette promotion n\u2019a ni plafond ni limite de dur\u00e9e.<\/li><li>Comme pour les d\u00e9p\u00f4ts, les retraits sont exempts de commission Trendo ; seuls les frais r\u00e9seau ou blockchain peuvent s\u2019appliquer.<\/li><\/ol>\t\t\t\t\t\t\t\t<\/div>\n\t\t\t\t\t<\/div>\n\t\t\t\t<\/div>\n\t\t<div class=\"elementor-element elementor-element-b15bd9c e-flex e-con-boxed e-con e-parent\" data-id=\"b15bd9c\" data-element_type=\"container\" data-e-type=\"container\" data-settings=\"{&quot;background_background&quot;:&quot;classic&quot;}\">\n\t\t\t\t\t<div class=\"e-con-inner\">\n\t\t\t\t<div class=\"elementor-element elementor-element-f311e30 elementor-widget__width-inherit elementor-widget elementor-widget-heading\" data-id=\"f311e30\" data-element_type=\"widget\" data-e-type=\"widget\" data-widget_type=\"heading.default\">\n\t\t\t\t\t<h2 class=\"elementor-heading-title elementor-size-default\">Pr\u00eat \u00e0 effectuer votre premier <br> d\u00e9p\u00f4t chez Trendo?<\/h2>\t\t\t\t<\/div>\n\t\t\t\t<div class=\"elementor-element elementor-element-2f543cd elementor-widget__width-initial elementor-widget elementor-widget-heading\" data-id=\"2f543cd\" data-element_type=\"widget\" data-e-type=\"widget\" data-widget_type=\"heading.default\">\n\t\t\t\t\t<span class=\"elementor-heading-title elementor-size-default\">R\u00e9alisez votre premier d\u00e9p\u00f4t via l\u2019une des m\u00e9thodes disponibles, en particulier les crypto-monnaies assorties du bonus de 10 %, et commencez \u00e0 trader sur les march\u00e9s financiers.<\/span>\t\t\t\t<\/div>\n\t\t\t\t<div class=\"elementor-element elementor-element-8d6760a elementor-widget__width-initial elementor-widget-mobile__width-inherit elementor-widget elementor-widget-shortcode\" data-id=\"8d6760a\" data-element_type=\"widget\" data-e-type=\"widget\" data-widget_type=\"shortcode.default\">\n\t\t\t\t\t\t\t<div class=\"elementor-shortcode\">    <form id=\"fxForm_2\" class=\"custom-email-form\">\n        <input\n            type=\"email\"\n            id=\"fxEmail_2\"\n            name=\"email\"\n            placeholder=\"Adresse e-mail\"\n            required\n        >\n        <button\n            type=\"button\"\n            onclick=\"redirectToSignUp('fxForm_2','fxEmail_2','fxLoader_2')\"\n        >\n            S\u2019inscrire            <img decoding=\"async\" src=\"https:\/\/fxtrendo.com\/wp-content\/uploads\/2025\/04\/Arrow-right-2.svg\" alt=\"\">\n        <\/button>\n        <div id=\"fxLoader_2\" class=\"email-loader\" style=\"display: none;\"><\/div>\n    <\/form>\n\n    <script>\n    function redirectToSignUp(formId, inputId, loaderId) {\n        const form   = document.getElementById(formId);\n        const input  = document.getElementById(inputId);\n        const loader = document.getElementById(loaderId);\n\n        if (!form.reportValidity()) return;\n\n        loader.style.display = 'block';\n\n        const userEmail = input.value;\n        sessionStorage.setItem('temp_login_email', userEmail);\n        window.location.href = 'https:\/\/fxtrendo.com\/web\/platforms';\n    }\n    <\/script>\n    <\/div>\n\t\t\t\t\t\t<\/div>\n\t\t\t\t\t<\/div>\n\t\t\t\t<\/div>\n\t\t\t\t<\/div>\n\t\t","protected":false},"excerpt":{"rendered":"<p>M\u00e9thodes de d\u00e9p\u00f4t et de retrait chez Trendo Les d\u00e9p\u00f4ts\/retraits sur Trendo sont trait\u00e9s en quelques minutes, sans frais. Transf\u00e9rez vos fonds rapidement et en toute s\u00e9curit\u00e9 via les crypto-monnaies, \u00e0 tout moment. Le courtier Trendo propose plusieurs m\u00e9thodes de d\u00e9p\u00f4t\/retrait sans frais pour r\u00e9pondre aux besoins de tous ses utilisateurs ; voir le tableau [&hellip;]<\/p>\n","protected":false},"author":8,"featured_media":8960,"parent":0,"menu_order":0,"comment_status":"closed","ping_status":"closed","template":"","meta":{"_acf_changed":false,"inline_featured_image":false,"fxtrendo_post_editor":0,"footnotes":""},"class_list":["post-16552","page","type-page","status-publish","has-post-thumbnail","hentry"],"acf":[],"fxtrendo_editor":0,"_links":{"self":[{"href":"https:\/\/fxtrendo.com\/fr\/wp-json\/wp\/v2\/pages\/16552","targetHints":{"allow":["GET"]}}],"collection":[{"href":"https:\/\/fxtrendo.com\/fr\/wp-json\/wp\/v2\/pages"}],"about":[{"href":"https:\/\/fxtrendo.com\/fr\/wp-json\/wp\/v2\/types\/page"}],"author":[{"embeddable":true,"href":"https:\/\/fxtrendo.com\/fr\/wp-json\/wp\/v2\/users\/8"}],"replies":[{"embeddable":true,"href":"https:\/\/fxtrendo.com\/fr\/wp-json\/wp\/v2\/comments?post=16552"}],"version-history":[{"count":0,"href":"https:\/\/fxtrendo.com\/fr\/wp-json\/wp\/v2\/pages\/16552\/revisions"}],"wp:featuredmedia":[{"embeddable":true,"href":"https:\/\/fxtrendo.com\/fr\/wp-json\/wp\/v2\/media\/8960"}],"wp:attachment":[{"href":"https:\/\/fxtrendo.com\/fr\/wp-json\/wp\/v2\/media?parent=16552"}],"curies":[{"name":"wp","href":"https:\/\/api.w.org\/{rel}","templated":true}]}}