{"id":58244,"date":"2026-04-01T07:53:28","date_gmt":"2026-04-01T07:53:28","guid":{"rendered":"https:\/\/fxtrendo.com\/?page_id=58244"},"modified":"2026-04-01T07:55:51","modified_gmt":"2026-04-01T07:55:51","slug":"economic-calendar-2","status":"publish","type":"page","link":"https:\/\/fxtrendo.com\/fr\/economic-calendar-2\/","title":{"rendered":"Economic Calendar"},"content":{"rendered":"\t\t<div data-elementor-type=\"wp-page\" data-elementor-id=\"58244\" class=\"elementor elementor-58244 elementor-58242\" data-elementor-post-type=\"page\">\n\t\t\t\t<div class=\"elementor-element elementor-element-93d3e00 e-con-full e-flex e-con e-parent\" data-id=\"93d3e00\" data-element_type=\"container\" data-e-type=\"container\" data-settings=\"{&quot;background_background&quot;:&quot;classic&quot;}\">\n\t\t<div class=\"elementor-element elementor-element-f042032 e-con-full e-flex e-con e-child\" data-id=\"f042032\" data-element_type=\"container\" data-e-type=\"container\" data-settings=\"{&quot;background_background&quot;:&quot;classic&quot;}\">\n\t\t\t\t<div class=\"elementor-element elementor-element-ad35799 elementor-widget elementor-widget-heading\" data-id=\"ad35799\" data-element_type=\"widget\" data-e-type=\"widget\" data-widget_type=\"heading.default\">\n\t\t\t\t\t<h1 class=\"elementor-heading-title elementor-size-default\">Calendrier \u00c9conomique Intelligent de Trendo<\/h1>\t\t\t\t<\/div>\n\t\t\t\t<div class=\"elementor-element elementor-element-08304ca elementor-widget elementor-widget-heading\" data-id=\"08304ca\" data-element_type=\"widget\" data-e-type=\"widget\" data-widget_type=\"heading.default\">\n\t\t\t\t\t<span class=\"elementor-heading-title elementor-size-default\">Surveillez et analysez d\u2019un coup d\u2019\u0153il tous les \u00e9v\u00e9nements \u00e9conomiques mondiaux majeurs. Gr\u00e2ce aux alertes en temps r\u00e9el, aux filtres avanc\u00e9s et \u00e0 la synchronisation instantan\u00e9e avec la plateforme de trading Trendo, vous prenez des d\u00e9cisions plus pr\u00e9cises et gardez toujours une longueur d\u2019avance sur la volatilit\u00e9 des march\u00e9s.<\/span>\t\t\t\t<\/div>\n\t\t\t\t<\/div>\n\t\t\t\t<\/div>\n\t\t<div class=\"elementor-element elementor-element-e96016f e-flex e-con-boxed e-con e-parent\" data-id=\"e96016f\" data-element_type=\"container\" data-e-type=\"container\">\n\t\t\t\t\t<div class=\"e-con-inner\">\n\t\t\t\t<div class=\"elementor-element elementor-element-c5ac442 elementor-widget elementor-widget-shortcode\" data-id=\"c5ac442\" data-element_type=\"widget\" data-e-type=\"widget\" data-widget_type=\"shortcode.default\">\n\t\t\t\t\t\t\t<div class=\"elementor-shortcode\">    <div class=\"economic-table\" id=\"ecotbl_1\">\r\n        <div class=\"economic-data-filters\">\r\n\r\n            <select class=\"economic-filter js-day-of-week\" aria-label=\"Day of Week\">\r\n                <option value=\"\">Aujourd\u2019hui<\/option>\r\n                <option value=\"Monday\">Monday<\/option>\r\n                <option value=\"Tuesday\">Tuesday<\/option>\r\n                <option value=\"Wednesday\">Wednesday<\/option>\r\n                <option value=\"Thursday\">Thursday<\/option>\r\n                <option value=\"Friday\">Friday<\/option>\r\n                <option value=\"Saturday\">Saturday<\/option>\r\n                <option value=\"Sunday\">Sunday<\/option>\r\n            <\/select>\r\n\r\n            <select class=\"economic-filter js-impact\" aria-label=\"Importance\">\r\n                <option value=\"\">Importance<\/option>\r\n                <option value=\"Low\">Low<\/option>\r\n                <option value=\"Medium\">Medium<\/option>\r\n                <option value=\"High\">High<\/option>\r\n            <\/select>\r\n\r\n            <select class=\"economic-filter js-economy\" aria-label=\"Devise\">\r\n                <option value=\"\">Devise<\/option>\r\n            <\/select>\r\n\r\n            <button type=\"button\" class=\"apply-filter-btn js-apply\">\r\n                Appliquer            <\/button>\r\n        <\/div>\r\n\r\n        <div class=\"economic-data-container\">\r\n            <table class=\"economic-data-table\" border=\"1\" cellpadding=\"5\" cellspacing=\"0\">\r\n                <thead>\r\n                    <tr>\r\n                        <th>Temps<\/th>\r\n                        <th>Devise<\/th>\r\n                        <th>Importance<\/th>\r\n                        <th>\u00c9v\u00e9nement<\/th>\r\n                        <th>Effectif<\/th>\r\n                        <th>Pr\u00e9vision<\/th>\r\n                        <th>Pr\u00e9c\u00e9dent<\/th>\r\n                    <\/tr>\r\n                <\/thead>\r\n                <tbody class=\"js-tbody\">\r\n                    <tr><td colspan=\"7\">Loading...<\/td><\/tr>\r\n                <\/tbody>\r\n            <\/table>\r\n        <\/div>\r\n    <\/div>\r\n    <\/div>\n\t\t\t\t\t\t<\/div>\n\t\t\t\t\t<\/div>\n\t\t\t\t<\/div>\n\t\t<div class=\"elementor-element elementor-element-1fdb0c8 e-flex e-con-boxed e-con e-parent\" data-id=\"1fdb0c8\" data-element_type=\"container\" data-e-type=\"container\">\n\t\t\t\t\t<div class=\"e-con-inner\">\n\t\t\t\t<div class=\"elementor-element elementor-element-b3f987e elementor-mobile-align-start elementor-icon-list--layout-traditional elementor-list-item-link-full_width elementor-widget elementor-widget-icon-list\" data-id=\"b3f987e\" data-element_type=\"widget\" data-e-type=\"widget\" data-widget_type=\"icon-list.default\">\n\t\t\t\t\t\t\t<ul class=\"elementor-icon-list-items\">\n\t\t\t\t\t\t\t<li class=\"elementor-icon-list-item\">\n\t\t\t\t\t\t\t\t\t\t\t<span class=\"elementor-icon-list-icon\">\n\t\t\t\t\t\t\t<svg xmlns=\"http:\/\/www.w3.org\/2000\/svg\" width=\"40\" height=\"40\" viewBox=\"0 0 40 40\" fill=\"none\"><path d=\"M19.9987 36.6663C29.1654 36.6663 36.6654 29.1663 36.6654 19.9997C36.6654 10.833 29.1654 3.33301 19.9987 3.33301C10.832 3.33301 3.33203 10.833 3.33203 19.9997C3.33203 29.1663 10.832 36.6663 19.9987 36.6663Z\" stroke=\"#00B781\" stroke-width=\"1.5\" stroke-linecap=\"round\" stroke-linejoin=\"round\"><\/path><path d=\"M20 13.333V21.6663\" stroke=\"#00B781\" stroke-width=\"1.5\" stroke-linecap=\"round\" stroke-linejoin=\"round\"><\/path><path d=\"M19.9922 26.667H20.0072\" stroke=\"#00B781\" stroke-width=\"2\" stroke-linecap=\"round\" stroke-linejoin=\"round\"><\/path><\/svg>\t\t\t\t\t\t<\/span>\n\t\t\t\t\t\t\t\t\t\t<span class=\"elementor-icon-list-text\">Comment utiliser le Calendrier \u00c9conomique Trendo<\/span>\n\t\t\t\t\t\t\t\t\t<\/li>\n\t\t\t\t\t\t<\/ul>\n\t\t\t\t\t\t<\/div>\n\t\t\t\t<div class=\"elementor-element elementor-element-d812ee5 elementor-widget elementor-widget-text-editor\" data-id=\"d812ee5\" data-element_type=\"widget\" data-e-type=\"widget\" data-widget_type=\"text-editor.default\">\n\t\t\t\t\t\t\t\t\t<p>Le calendrier \u00e9conomique Trendo vous permet de suivre les horaires et l\u2019impact potentiel des \u00e9v\u00e9nements \u00e9conomiques sur diff\u00e9rents instruments de trading, afin d\u2019optimiser vos d\u00e9cisions. Voici les principales sections du calendrier et la mani\u00e8re de les exploiter efficacement:<\/p>\t\t\t\t\t\t\t\t<\/div>\n\t\t\t\t<div class=\"elementor-element elementor-element-93fbbb9 elementor-widget elementor-widget-heading\" data-id=\"93fbbb9\" data-element_type=\"widget\" data-e-type=\"widget\" data-widget_type=\"heading.default\">\n\t\t\t\t\t<h2 class=\"elementor-heading-title elementor-size-default\">Sections principales du calendrier \u00e9conomique<\/h2>\t\t\t\t<\/div>\n\t\t\t\t<div class=\"elementor-element elementor-element-ed6492c elementor-widget elementor-widget-text-editor\" data-id=\"ed6492c\" data-element_type=\"widget\" data-e-type=\"widget\" data-widget_type=\"text-editor.default\">\n\t\t\t\t\t\t\t\t\t<ol style=\"; color: #fff; font-family: 'Yekan Bakh', sans-serif;\">\n \t<li><strong style=\"font-weight: bold;\">Date et heure de l\u2019\u00e9v\u00e9nement\u00a0:<\/strong>\nChaque \u00e9v\u00e9nement est affich\u00e9 avec une date et une heure pr\u00e9cises. V\u00e9rifiez que votre fuseau horaire est bien param\u00e9tr\u00e9 via l\u2019outil de filtre pour voir les horaires selon votre heure locale.<\/li>\n \t<li><strong style=\"font-weight: bold;\">Pays et devise concern\u00e9e\u00a0:<\/strong>\nChaque \u00e9v\u00e9nement est associ\u00e9 au pays et \u00e0 la devise affect\u00e9e. Par exemple, les \u00e9v\u00e9nements en provenance des \u00c9tats-Unis influencent g\u00e9n\u00e9ralement le Dollar am\u00e9ricain (USD).<\/li>\n \t<li><strong style=\"font-weight: bold;\">Type d\u2019\u00e9v\u00e9nement\u00a0:<\/strong>\nCette section indique la nature de l\u2019\u00e9v\u00e9nement ou du rapport \u00e9conomique. Chaque type d\u2019annonce a des effets diff\u00e9rents sur les march\u00e9s.<\/li>\n \t<li><strong style=\"font-weight: bold;\">Niveau d\u2019impact\u00a0:<\/strong>\nDans le calendrier Trendo, l\u2019importance de chaque \u00e9v\u00e9nement est indiqu\u00e9e visuellement par le nombre d\u2019ic\u00f4nes Trendo:\n<ul>\n \t<li>Fort impact (trois ic\u00f4nes): \u00c9v\u00e9nements majeurs g\u00e9n\u00e9rant souvent une forte volatilit\u00e9.<\/li>\n \t<li>Impact mod\u00e9r\u00e9 (deux ic\u00f4nes): Effets notables mais g\u00e9n\u00e9ralement mod\u00e9r\u00e9s.<\/li>\n \t<li>Faible impact (une ic\u00f4ne): Influence limit\u00e9e, sans grand changement de prix.<\/li>\n<\/ul>\n<\/li>\n \t<li><strong style=\"font-weight: bold;\">Pr\u00e9vision, effectif et pr\u00e9c\u00e9dent\u00a0:<\/strong>\nCette section fournit les donn\u00e9es essentielles pour anticiper les r\u00e9actions du march\u00e9.\n<ul>\n \t<li>Pr\u00e9c\u00e9dent: R\u00e9sultat du rapport sur la p\u00e9riode ant\u00e9rieure.<\/li>\n \t<li>Pr\u00e9vision: Estimation des analystes pour la prochaine publication.<\/li>\n \t<li>Effectif: Donn\u00e9e r\u00e9elle publi\u00e9e, affich\u00e9e imm\u00e9diatement \u00e0 sa sortie.<\/li>\n<\/ul>\n<\/li>\n<\/ol>\t\t\t\t\t\t\t\t<\/div>\n\t\t\t\t<div class=\"elementor-element elementor-element-69231da elementor-widget elementor-widget-heading\" data-id=\"69231da\" data-element_type=\"widget\" data-e-type=\"widget\" data-widget_type=\"heading.default\">\n\t\t\t\t\t<span class=\"elementor-heading-title elementor-size-default\">Un \u00e9cart important entre la donn\u00e9e r\u00e9elle et la pr\u00e9vision d\u00e9clenche souvent de forts mouvements de march\u00e9. Il est donc recommand\u00e9 de consulter r\u00e9guli\u00e8rement le calendrier pour rep\u00e9rer les \u00e9v\u00e9nements cl\u00e9s et planifier vos positions. Par exemple, lors de publications majeures comme les taux d\u2019int\u00e9r\u00eat ou les chiffres mensuels de l\u2019emploi am\u00e9ricain (NFP), \u00e9vitez d\u2019ouvrir de nouvelles positions ou g\u00e9rez votre risque via des ordres stop-loss.<\/span>\t\t\t\t<\/div>\n\t\t\t\t\t<\/div>\n\t\t\t\t<\/div>\n\t\t<div class=\"elementor-element elementor-element-17fa75b e-flex e-con-boxed e-con e-parent\" data-id=\"17fa75b\" data-element_type=\"container\" data-e-type=\"container\">\n\t\t\t\t\t<div class=\"e-con-inner\">\n\t\t\t\t<div class=\"elementor-element elementor-element-e0b4640 elementor-widget elementor-widget-heading\" data-id=\"e0b4640\" data-element_type=\"widget\" data-e-type=\"widget\" data-widget_type=\"heading.default\">\n\t\t\t\t\t<h2 class=\"elementor-heading-title elementor-size-default\">Avantages et fonctionnalit\u00e9s du calendrier \u00e9conomique Trendo<\/h2>\t\t\t\t<\/div>\n\t\t\t\t\t<\/div>\n\t\t\t\t<\/div>\n\t\t<div class=\"elementor-element elementor-element-625330c e-flex e-con-boxed e-con e-parent\" data-id=\"625330c\" data-element_type=\"container\" data-e-type=\"container\">\n\t\t\t\t\t<div class=\"e-con-inner\">\n\t\t<div class=\"elementor-element elementor-element-5c5ea32 e-con-full e-flex e-con e-child\" data-id=\"5c5ea32\" data-element_type=\"container\" data-e-type=\"container\">\n\t\t\t\t<div class=\"elementor-element elementor-element-7826368 cont-trus elementor-widget elementor-widget-icon-box\" data-id=\"7826368\" data-element_type=\"widget\" data-e-type=\"widget\" data-widget_type=\"icon-box.default\">\n\t\t\t\t\t\t\t<div class=\"elementor-icon-box-wrapper\">\n\n\t\t\t\n\t\t\t\t\t\t<div class=\"elementor-icon-box-content\">\n\n\t\t\t\t\t\t\t\t\t<h3 class=\"elementor-icon-box-title\">\n\t\t\t\t\t\t<span  >\n\t\t\t\t\t\t\tCalendrier int\u00e9gr\u00e9 \u00e0 la plateforme\t\t\t\t\t\t<\/span>\n\t\t\t\t\t<\/h3>\n\t\t\t\t\n\t\t\t\t\t\t\t\t\t<p class=\"elementor-icon-box-description\">\n\t\t\t\t\t\tConsultez le calendrier et g\u00e9rez vos positions sans quitter la plateforme Trendo.\t\t\t\t\t<\/p>\n\t\t\t\t\n\t\t\t<\/div>\n\t\t\t\n\t\t<\/div>\n\t\t\t\t\t\t<\/div>\n\t\t\t\t<\/div>\n\t\t<div class=\"elementor-element elementor-element-e2c48c2 e-con-full e-flex e-con e-child\" data-id=\"e2c48c2\" data-element_type=\"container\" data-e-type=\"container\">\n\t\t\t\t<div class=\"elementor-element elementor-element-f3a4648 cont-trus elementor-widget elementor-widget-icon-box\" data-id=\"f3a4648\" data-element_type=\"widget\" data-e-type=\"widget\" data-widget_type=\"icon-box.default\">\n\t\t\t\t\t\t\t<div class=\"elementor-icon-box-wrapper\">\n\n\t\t\t\n\t\t\t\t\t\t<div class=\"elementor-icon-box-content\">\n\n\t\t\t\t\t\t\t\t\t<h3 class=\"elementor-icon-box-title\">\n\t\t\t\t\t\t<span  >\n\t\t\t\t\t\t\tFiltres avanc\u00e9s\t\t\t\t\t\t<\/span>\n\t\t\t\t\t<\/h3>\n\t\t\t\t\n\t\t\t\t\t\t\t\t\t<p class=\"elementor-icon-box-description\">\n\t\t\t\t\t\tFiltrez les \u00e9v\u00e9nements par date, niveau d\u2019impact ou actif pour ne voir que les informations pertinentes.\t\t\t\t\t<\/p>\n\t\t\t\t\n\t\t\t<\/div>\n\t\t\t\n\t\t<\/div>\n\t\t\t\t\t\t<\/div>\n\t\t\t\t<\/div>\n\t\t<div class=\"elementor-element elementor-element-9073f38 e-con-full e-flex e-con e-child\" data-id=\"9073f38\" data-element_type=\"container\" data-e-type=\"container\">\n\t\t\t\t<div class=\"elementor-element elementor-element-a5cd6b3 cont-trus elementor-widget elementor-widget-icon-box\" data-id=\"a5cd6b3\" data-element_type=\"widget\" data-e-type=\"widget\" data-widget_type=\"icon-box.default\">\n\t\t\t\t\t\t\t<div class=\"elementor-icon-box-wrapper\">\n\n\t\t\t\n\t\t\t\t\t\t<div class=\"elementor-icon-box-content\">\n\n\t\t\t\t\t\t\t\t\t<h3 class=\"elementor-icon-box-title\">\n\t\t\t\t\t\t<span  >\n\t\t\t\t\t\t\tAlertes personnalis\u00e9es instantan\u00e9es\t\t\t\t\t\t<\/span>\n\t\t\t\t\t<\/h3>\n\t\t\t\t\n\t\t\t\t\t\t\t\t\t<p class=\"elementor-icon-box-description\">\n\t\t\t\t\t\tProgrammez des alertes sur n\u2019importe quel indicateur et recevez une notification sur votre mobile ou ordinateur d\u00e8s que les donn\u00e9es sont publi\u00e9es.\t\t\t\t\t<\/p>\n\t\t\t\t\n\t\t\t<\/div>\n\t\t\t\n\t\t<\/div>\n\t\t\t\t\t\t<\/div>\n\t\t\t\t<\/div>\n\t\t\t\t\t<\/div>\n\t\t\t\t<\/div>\n\t\t<div class=\"elementor-element elementor-element-ce650ce e-flex e-con-boxed e-con e-parent\" data-id=\"ce650ce\" data-element_type=\"container\" data-e-type=\"container\">\n\t\t\t\t\t<div class=\"e-con-inner\">\n\t\t<div class=\"elementor-element elementor-element-da246cb e-con-full e-flex e-con e-child\" data-id=\"da246cb\" data-element_type=\"container\" data-e-type=\"container\">\n\t\t\t\t<div class=\"elementor-element elementor-element-226da06 cont-trus elementor-widget elementor-widget-icon-box\" data-id=\"226da06\" data-element_type=\"widget\" data-e-type=\"widget\" data-widget_type=\"icon-box.default\">\n\t\t\t\t\t\t\t<div class=\"elementor-icon-box-wrapper\">\n\n\t\t\t\n\t\t\t\t\t\t<div class=\"elementor-icon-box-content\">\n\n\t\t\t\t\t\t\t\t\t<h3 class=\"elementor-icon-box-title\">\n\t\t\t\t\t\t<span  >\n\t\t\t\t\t\t\tMises \u00e0 jour en temps r\u00e9el\t\t\t\t\t\t<\/span>\n\t\t\t\t\t<\/h3>\n\t\t\t\t\n\t\t\t\t\t\t\t\t\t<p class=\"elementor-icon-box-description\">\n\t\t\t\t\t\tLes donn\u00e9es sont actualis\u00e9es en direct, vous garantissant des chiffres toujours \u00e0 jour.\n\t\t\t\t\t<\/p>\n\t\t\t\t\n\t\t\t<\/div>\n\t\t\t\n\t\t<\/div>\n\t\t\t\t\t\t<\/div>\n\t\t\t\t<\/div>\n\t\t<div class=\"elementor-element elementor-element-75155b1 e-con-full e-flex e-con e-child\" data-id=\"75155b1\" data-element_type=\"container\" data-e-type=\"container\">\n\t\t\t\t<div class=\"elementor-element elementor-element-95772f8 cont-trus elementor-widget elementor-widget-icon-box\" data-id=\"95772f8\" data-element_type=\"widget\" data-e-type=\"widget\" data-widget_type=\"icon-box.default\">\n\t\t\t\t\t\t\t<div class=\"elementor-icon-box-wrapper\">\n\n\t\t\t\n\t\t\t\t\t\t<div class=\"elementor-icon-box-content\">\n\n\t\t\t\t\t\t\t\t\t<h3 class=\"elementor-icon-box-title\">\n\t\t\t\t\t\t<span  >\n\t\t\t\t\t\t\tSupport multilingue\t\t\t\t\t\t<\/span>\n\t\t\t\t\t<\/h3>\n\t\t\t\t\n\t\t\t\t\t\t\t\t\t<p class=\"elementor-icon-box-description\">\n\t\t\t\t\t\tUtilisez facilement le calendrier Forex Trendo dans la langue de votre choix.\n\t\t\t\t\t<\/p>\n\t\t\t\t\n\t\t\t<\/div>\n\t\t\t\n\t\t<\/div>\n\t\t\t\t\t\t<\/div>\n\t\t\t\t<\/div>\n\t\t<div class=\"elementor-element elementor-element-5edd577 e-con-full e-flex e-con e-child\" data-id=\"5edd577\" data-element_type=\"container\" data-e-type=\"container\">\n\t\t\t\t<div class=\"elementor-element elementor-element-08a9558 cont-trus elementor-widget elementor-widget-icon-box\" data-id=\"08a9558\" data-element_type=\"widget\" data-e-type=\"widget\" data-widget_type=\"icon-box.default\">\n\t\t\t\t\t\t\t<div class=\"elementor-icon-box-wrapper\">\n\n\t\t\t\n\t\t\t\t\t\t<div class=\"elementor-icon-box-content\">\n\n\t\t\t\t\t\t\t\t\t<h3 class=\"elementor-icon-box-title\">\n\t\t\t\t\t\t<span  >\n\t\t\t\t\t\t\tCompatibilit\u00e9 fuseau horaire\t\t\t\t\t\t<\/span>\n\t\t\t\t\t<\/h3>\n\t\t\t\t\n\t\t\t\t\t\t\t\t\t<p class=\"elementor-icon-box-description\">\n\t\t\t\t\t\tR\u00e9glez votre fuseau horaire manuellement ou automatiquement pour que les horaires correspondent \u00e0 votre localisation.\t\t\t\t\t<\/p>\n\t\t\t\t\n\t\t\t<\/div>\n\t\t\t\n\t\t<\/div>\n\t\t\t\t\t\t<\/div>\n\t\t\t\t<\/div>\n\t\t\t\t\t<\/div>\n\t\t\t\t<\/div>\n\t\t<div class=\"elementor-element elementor-element-28011a1 e-flex e-con-boxed e-con e-parent\" data-id=\"28011a1\" data-element_type=\"container\" data-e-type=\"container\" data-settings=\"{&quot;background_background&quot;:&quot;classic&quot;}\">\n\t\t\t\t\t<div class=\"e-con-inner\">\n\t\t\t\t<div class=\"elementor-element elementor-element-542fc83 elementor-widget elementor-widget-heading\" data-id=\"542fc83\" data-element_type=\"widget\" data-e-type=\"widget\" data-widget_type=\"heading.default\">\n\t\t\t\t\t<h2 class=\"elementor-heading-title elementor-size-default\">Pr\u00eat \u00e0 trader avec l\u2019aide du calendrier \u00e9conomique Trendo?<\/h2>\t\t\t\t<\/div>\n\t\t\t\t<div class=\"elementor-element elementor-element-97b4c1d elementor-widget__width-inherit elementor-widget elementor-widget-heading\" data-id=\"97b4c1d\" data-element_type=\"widget\" data-e-type=\"widget\" data-widget_type=\"heading.default\">\n\t\t\t\t\t<span class=\"elementor-heading-title elementor-size-default\">Depuis la plateforme de trading Trendo, vous pouvez simultan\u00e9ment suivre le calendrier \u00e9conomique Forex et g\u00e9rer vos trades.<\/span>\t\t\t\t<\/div>\n\t\t\t\t<div class=\"elementor-element elementor-element-c067000 elementor-align-right elementor-mobile-align-center cutomicon elementor-widget elementor-widget-button\" data-id=\"c067000\" data-element_type=\"widget\" data-e-type=\"widget\" data-widget_type=\"button.default\">\n\t\t\t\t\t\t\t\t\t\t<a class=\"elementor-button elementor-button-link elementor-size-sm\" href=\"https:\/\/my.fxtrendo.com\/sign-in\">\n\t\t\t\t\t\t<span class=\"elementor-button-content-wrapper\">\n\t\t\t\t\t\t<span class=\"elementor-button-icon\">\n\t\t\t\t<svg xmlns=\"http:\/\/www.w3.org\/2000\/svg\" width=\"24\" height=\"24\" viewBox=\"0 0 24 24\" fill=\"none\"><g id=\"vuesax\/outline\/arrow-right\"><g id=\"arrow-right\"><path id=\"Vector\" d=\"M14.4291 18.8201C14.2391 18.8201 14.0491 18.7501 13.8991 18.6001C13.6091 18.3101 13.6091 17.8301 13.8991 17.5401L19.4391 12.0001L13.8991 6.46012C13.6091 6.17012 13.6091 5.69012 13.8991 5.40012C14.1891 5.11012 14.6691 5.11012 14.9591 5.40012L21.0291 11.4701C21.3191 11.7601 21.3191 12.2401 21.0291 12.5301L14.9591 18.6001C14.8091 18.7501 14.6191 18.8201 14.4291 18.8201Z\" fill=\"white\"><\/path><path id=\"Vector_2\" d=\"M20.33 12.75H3.5C3.09 12.75 2.75 12.41 2.75 12C2.75 11.59 3.09 11.25 3.5 11.25H20.33C20.74 11.25 21.08 11.59 21.08 12C21.08 12.41 20.74 12.75 20.33 12.75Z\" fill=\"white\"><\/path><\/g><\/g><\/svg>\t\t\t<\/span>\n\t\t\t\t\t\t\t\t\t<span class=\"elementor-button-text\">Se connecter \u00e0 la plateforme<\/span>\n\t\t\t\t\t<\/span>\n\t\t\t\t\t<\/a>\n\t\t\t\t\t\t\t\t<\/div>\n\t\t\t\t<div class=\"elementor-element elementor-element-8cf64db elementor-align-left elementor-mobile-align-center cutomicon elementor-widget elementor-widget-button\" data-id=\"8cf64db\" data-element_type=\"widget\" data-e-type=\"widget\" data-widget_type=\"button.default\">\n\t\t\t\t\t\t\t\t\t\t<a class=\"elementor-button elementor-button-link elementor-size-sm\" href=\"https:\/\/my.fxtrendo.com\/sign-in\">\n\t\t\t\t\t\t<span class=\"elementor-button-content-wrapper\">\n\t\t\t\t\t\t<span class=\"elementor-button-icon\">\n\t\t\t\t<svg xmlns=\"http:\/\/www.w3.org\/2000\/svg\" width=\"24\" height=\"25\" viewBox=\"0 0 24 25\" fill=\"none\"><g id=\"vuesax\/outline\/arrow-right\"><g id=\"arrow-right\"><path id=\"Vector\" d=\"M14.4291 19.3191C14.2391 19.3191 14.0491 19.2491 13.8991 19.0991C13.6091 18.8091 13.6091 18.3291 13.8991 18.0391L19.4391 12.4991L13.8991 6.95914C13.6091 6.66914 13.6091 6.18914 13.8991 5.89914C14.1891 5.60914 14.6691 5.60914 14.9591 5.89914L21.0291 11.9691C21.3191 12.2591 21.3191 12.7391 21.0291 13.0291L14.9591 19.0991C14.8091 19.2491 14.6191 19.3191 14.4291 19.3191Z\" fill=\"#00B781\"><\/path><path id=\"Vector_2\" d=\"M20.33 13.25H3.5C3.09 13.25 2.75 12.91 2.75 12.5C2.75 12.09 3.09 11.75 3.5 11.75H20.33C20.74 11.75 21.08 12.09 21.08 12.5C21.08 12.91 20.74 13.25 20.33 13.25Z\" fill=\"#00B781\"><\/path><\/g><\/g><\/svg>\t\t\t<\/span>\n\t\t\t\t\t\t\t\t\t<span class=\"elementor-button-text\">Cr\u00e9er un compte<\/span>\n\t\t\t\t\t<\/span>\n\t\t\t\t\t<\/a>\n\t\t\t\t\t\t\t\t<\/div>\n\t\t\t\t\t<\/div>\n\t\t\t\t<\/div>\n\t\t\t\t<\/div>\n\t\t","protected":false},"excerpt":{"rendered":"<p>Calendrier \u00c9conomique Intelligent de Trendo Surveillez et analysez d\u2019un coup d\u2019\u0153il tous les \u00e9v\u00e9nements \u00e9conomiques mondiaux majeurs. Gr\u00e2ce aux alertes en temps r\u00e9el, aux filtres avanc\u00e9s et \u00e0 la synchronisation instantan\u00e9e avec la plateforme de trading Trendo, vous prenez des d\u00e9cisions plus pr\u00e9cises et gardez toujours une longueur d\u2019avance sur la volatilit\u00e9 des march\u00e9s. Comment [&hellip;]<\/p>\n","protected":false},"author":9,"featured_media":48894,"parent":0,"menu_order":0,"comment_status":"closed","ping_status":"closed","template":"","meta":{"_acf_changed":false,"inline_featured_image":false,"fxtrendo_post_editor":0,"footnotes":""},"class_list":["post-58244","page","type-page","status-publish","has-post-thumbnail","hentry"],"acf":[],"fxtrendo_editor":0,"_links":{"self":[{"href":"https:\/\/fxtrendo.com\/fr\/wp-json\/wp\/v2\/pages\/58244","targetHints":{"allow":["GET"]}}],"collection":[{"href":"https:\/\/fxtrendo.com\/fr\/wp-json\/wp\/v2\/pages"}],"about":[{"href":"https:\/\/fxtrendo.com\/fr\/wp-json\/wp\/v2\/types\/page"}],"author":[{"embeddable":true,"href":"https:\/\/fxtrendo.com\/fr\/wp-json\/wp\/v2\/users\/9"}],"replies":[{"embeddable":true,"href":"https:\/\/fxtrendo.com\/fr\/wp-json\/wp\/v2\/comments?post=58244"}],"version-history":[{"count":1,"href":"https:\/\/fxtrendo.com\/fr\/wp-json\/wp\/v2\/pages\/58244\/revisions"}],"predecessor-version":[{"id":58254,"href":"https:\/\/fxtrendo.com\/fr\/wp-json\/wp\/v2\/pages\/58244\/revisions\/58254"}],"wp:featuredmedia":[{"embeddable":true,"href":"https:\/\/fxtrendo.com\/fr\/wp-json\/wp\/v2\/media\/48894"}],"wp:attachment":[{"href":"https:\/\/fxtrendo.com\/fr\/wp-json\/wp\/v2\/media?parent=58244"}],"curies":[{"name":"wp","href":"https:\/\/api.w.org\/{rel}","templated":true}]}}